{"id":2080,"date":"2025-03-07T10:48:04","date_gmt":"2025-03-07T09:48:04","guid":{"rendered":"https:\/\/miroverd.com\/?page_id=2080"},"modified":"2025-04-09T11:10:32","modified_gmt":"2025-04-09T09:10:32","slug":"instalacion-cesped-artificial-berga","status":"publish","type":"page","link":"https:\/\/miroverd.com\/ca\/instalacion-cesped-artificial-berga\/","title":{"rendered":"Instalaci\u00f3n c\u00e9sped artificial Berga"},"content":{"rendered":"<div data-elementor-type=\"wp-page\" data-elementor-id=\"2080\" class=\"elementor elementor-2080\" data-elementor-post-type=\"page\">\n\t\t\t\t\t\t<section class=\"elementor-section elementor-top-section elementor-element elementor-element-659ec96a elementor-section-height-min-height elementor-section-boxed elementor-section-height-default elementor-section-items-middle\" data-id=\"659ec96a\" data-element_type=\"section\" data-settings=\"{&quot;background_background&quot;:&quot;classic&quot;}\">\n\t\t\t\t\t\t\t<div class=\"elementor-background-overlay\"><\/div>\n\t\t\t\t\t\t\t<div class=\"elementor-container elementor-column-gap-default\">\n\t\t\t\t\t<div class=\"elementor-column elementor-col-100 elementor-top-column elementor-element elementor-element-61da014c\" data-id=\"61da014c\" data-element_type=\"column\">\n\t\t\t<div class=\"elementor-widget-wrap elementor-element-populated\">\n\t\t\t\t\t\t\t<\/div>\n\t\t<\/div>\n\t\t\t\t\t<\/div>\n\t\t<\/section>\n\t\t\t\t<section class=\"elementor-section elementor-top-section elementor-element elementor-element-5ee46887 elementor-section-boxed elementor-section-height-default elementor-section-height-default\" data-id=\"5ee46887\" data-element_type=\"section\" data-settings=\"{&quot;background_background&quot;:&quot;classic&quot;}\">\n\t\t\t\t\t\t<div class=\"elementor-container elementor-column-gap-default\">\n\t\t\t\t\t<div class=\"elementor-column elementor-col-50 elementor-top-column elementor-element elementor-element-3bf86df0\" data-id=\"3bf86df0\" data-element_type=\"column\">\n\t\t\t<div class=\"elementor-widget-wrap elementor-element-populated\">\n\t\t\t\t\t\t<section class=\"elementor-section elementor-inner-section elementor-element elementor-element-37a646f9 elementor-section-boxed elementor-section-height-default elementor-section-height-default\" data-id=\"37a646f9\" data-element_type=\"section\">\n\t\t\t\t\t\t<div class=\"elementor-container elementor-column-gap-default\">\n\t\t\t\t\t<div class=\"elementor-column elementor-col-100 elementor-inner-column elementor-element elementor-element-d2d8cd3\" data-id=\"d2d8cd3\" data-element_type=\"column\">\n\t\t\t<div class=\"elementor-widget-wrap elementor-element-populated\">\n\t\t\t\t\t\t<div class=\"elementor-element elementor-element-46bfa42 elementor-widget__width-initial elementor-widget-divider--view-line elementor-widget elementor-widget-divider\" data-id=\"46bfa42\" data-element_type=\"widget\" data-widget_type=\"divider.default\">\n\t\t\t\t<div class=\"elementor-widget-container\">\n\t\t\t\t\t\t\t<div class=\"elementor-divider\">\n\t\t\t<span class=\"elementor-divider-separator\">\n\t\t\t\t\t\t<\/span>\n\t\t<\/div>\n\t\t\t\t\t\t<\/div>\n\t\t\t\t<\/div>\n\t\t\t\t<div class=\"elementor-element elementor-element-554d492 elementor-widget elementor-widget-heading\" data-id=\"554d492\" data-element_type=\"widget\" data-widget_type=\"heading.default\">\n\t\t\t\t<div class=\"elementor-widget-container\">\n\t\t\t\t\t<h2 class=\"elementor-heading-title elementor-size-default\">Disfruta de un espacio verde sin esfuerzo con la instalaci\u00f3n de c\u00e9sped artificial en Berga<\/h2>\t\t\t\t<\/div>\n\t\t\t\t<\/div>\n\t\t\t\t\t<\/div>\n\t\t<\/div>\n\t\t\t\t\t<\/div>\n\t\t<\/section>\n\t\t\t\t<div class=\"elementor-element elementor-element-57b49f1e elementor-widget elementor-widget-text-editor\" data-id=\"57b49f1e\" data-element_type=\"widget\" data-widget_type=\"text-editor.default\">\n\t\t\t\t<div class=\"elementor-widget-container\">\n\t\t\t\t\t\t\t\t\t<p><span style=\"font-weight: 400;\">\u00bfTe imaginas un jard\u00edn siempre verde, sin necesidad de riego, siega ni mantenimiento constante? Con la <\/span><b>instal\u00b7laci\u00f3 <\/b><span style=\"font-weight: 400;\">de <\/span><b>c\u00e9sped artificial <\/b><span style=\"font-weight: 400;\">en tu jard\u00edn en <\/span><b>Berga<\/b><span style=\"font-weight: 400;\">, puedes olvidarte de los problemas del c\u00e9sped natural y disfrutar de un espacio impecable durante todo el a\u00f1o. En <\/span><b>MiroVerd<\/b><span style=\"font-weight: 400;\"> somos especialistas en la transformaci\u00f3n de exteriores con soluciones sostenibles y de alta calidad.<\/span><\/p><h2><b>\u00bfPor qu\u00e9 elegir la instalaci\u00f3n de c\u00e9sped artificial en Berga?<\/b><\/h2><p><span style=\"font-weight: 400;\">Si tienes una vivienda unifamiliar, administras una comunidad de vecinos o buscas mejorar la est\u00e9tica de tu negocio, nuestro servicio de <\/span><b>instal\u00b7laci\u00f3 <\/b><span style=\"font-weight: 400;\">de <\/span><b>c\u00e9sped artificial <\/b><span style=\"font-weight: 400;\">a <\/span><b>Berga<\/b><span style=\"font-weight: 400;\"> es la soluci\u00f3n ideal.<\/span><\/p><p><span style=\"font-weight: 400;\">Olv\u00eddate del riego constante y del alto consumo de agua, reduciendo as\u00ed tu factura y contribuyendo al medio ambiente. Con nuestro <\/span><b>c\u00e9sped artificial<\/b><span style=\"font-weight: 400;\">, las clapas, el barro y las zonas deterioradas ser\u00e1n cosa del pasado, brind\u00e1ndote un espacio siempre uniforme y atractivo. Adem\u00e1s, requiere un mantenimiento m\u00ednimo, permiti\u00e9ndote disfrutar de tu jard\u00edn sin dedicar horas a su cuidado. El c\u00e9sped artificial una opci\u00f3n segura y c\u00f3moda para ni\u00f1os y mascotas, proporcionando una superficie limpia, suave y libre de productos qu\u00edmicos.<\/span><\/p><h2><b>Ventajas de la instalaci\u00f3n de c\u00e9sped artificial en Berga con MiroVerd<\/b><\/h2><p><span style=\"font-weight: 400;\">En <\/span><b>MiroVerd<\/b><span style=\"font-weight: 400;\"> no solo instalamos c\u00e9sped artificial, sino que creamos espacios exteriores excepcionales. Nuestro servicio incluye:<\/span><\/p><ul><li style=\"font-weight: 400;\" aria-level=\"1\"><b>C\u00e9sped artificial de alta gama<\/b><span style=\"font-weight: 400;\">: realista, duradero y con tacto suave.<\/span><\/li><li style=\"font-weight: 400;\" aria-level=\"1\"><b>Asesoramiento experto<\/b><span style=\"font-weight: 400;\">: te ayudamos a elegir el mejor modelo seg\u00fan tus necesidades.<\/span><\/li><li style=\"font-weight: 400;\" aria-level=\"1\"><b>Instalaci\u00f3n profesional<\/b><span style=\"font-weight: 400;\">: acabados impecables y adaptados a cada superficie.<\/span><\/li><li style=\"font-weight: 400;\" aria-level=\"1\"><b>M\u00ednimo mantenimiento<\/b><span style=\"font-weight: 400;\">: olv\u00eddate de riegos, fertilizantes y siegas.<\/span><\/li><li style=\"font-weight: 400;\" aria-level=\"1\"><b>Sostenibilidad<\/b><span style=\"font-weight: 400;\">: reduce el consumo de agua y disfruta de un jard\u00edn ecol\u00f3gico.<\/span><\/li><li style=\"font-weight: 400;\" aria-level=\"1\"><b>Versatilidad<\/b><span style=\"font-weight: 400;\">: ideal para jardines privados, comunidades, terrazas, piscinas, negocios y zonas deportivas.<\/span><\/li><\/ul><h2><b>\u00a1Convierte tu jard\u00edn en un oasis sin preocupaciones!<\/b><\/h2><p><span style=\"font-weight: 400;\">No pierdas la oportunidad de tener un jard\u00edn perfecto sin esfuerzo. Contacta con nosotros y solicita tu presupuesto sin compromiso para la <\/span><b>instal\u00b7laci\u00f3 <\/b><span style=\"font-weight: 400;\">de <\/span><b>c\u00e9sped artificial <\/b><span style=\"font-weight: 400;\">a <\/span><b>Berga<\/b><span style=\"font-weight: 400;\">. En MiroVerd estamos listo para asesorarte y ofrecerte la mejor soluci\u00f3n adaptada a tu espacio, estilo y necesidades. Ll\u00e1manos al 646 618 541 o rellena nuestro formulario para recibir asesoramiento personalizado. \u00a1Dale vida a tu jard\u00edn con la soluci\u00f3n perfecta!<\/span><\/p>\t\t\t\t\t\t\t\t<\/div>\n\t\t\t\t<\/div>\n\t\t\t\t\t<\/div>\n\t\t<\/div>\n\t\t\t\t<div class=\"elementor-column elementor-col-50 elementor-top-column elementor-element elementor-element-2fc7ebf1\" data-id=\"2fc7ebf1\" data-element_type=\"column\" data-settings=\"{&quot;background_background&quot;:&quot;classic&quot;}\">\n\t\t\t<div class=\"elementor-widget-wrap elementor-element-populated\">\n\t\t\t\t\t\t<section class=\"elementor-section elementor-inner-section elementor-element elementor-element-5128fa09 elementor-section-boxed elementor-section-height-default elementor-section-height-default\" data-id=\"5128fa09\" data-element_type=\"section\" data-settings=\"{&quot;background_background&quot;:&quot;classic&quot;}\">\n\t\t\t\t\t\t<div class=\"elementor-container elementor-column-gap-default\">\n\t\t\t\t\t<div class=\"elementor-column elementor-col-100 elementor-inner-column elementor-element elementor-element-56c15917\" data-id=\"56c15917\" data-element_type=\"column\">\n\t\t\t<div class=\"elementor-widget-wrap elementor-element-populated\">\n\t\t\t\t\t\t<div class=\"elementor-element elementor-element-ba0d00b elementor-widget elementor-widget-heading\" data-id=\"ba0d00b\" data-element_type=\"widget\" data-widget_type=\"heading.default\">\n\t\t\t\t<div class=\"elementor-widget-container\">\n\t\t\t\t\t<h3 class=\"elementor-heading-title elementor-size-default\">Cont\u00e1ctanos sin compromiso<\/h3>\t\t\t\t<\/div>\n\t\t\t\t<\/div>\n\t\t\t\t\t<\/div>\n\t\t<\/div>\n\t\t\t\t\t<\/div>\n\t\t<\/section>\n\t\t\t\t<div class=\"elementor-element elementor-element-0fd429e elementor-widget elementor-widget-shortcode\" data-id=\"0fd429e\" data-element_type=\"widget\" data-widget_type=\"shortcode.default\">\n\t\t\t\t<div class=\"elementor-widget-container\">\n\t\t\t\t\t\t\t<div class=\"elementor-shortcode\">\n<div class=\"wpcf7 no-js\" id=\"wpcf7-f1534-o1\" lang=\"es-ES\" dir=\"ltr\" data-wpcf7-id=\"1534\">\n<div class=\"screen-reader-response\"><p role=\"status\" aria-live=\"polite\" aria-atomic=\"true\"><\/p> <ul><\/ul><\/div>\n<form action=\"\/ca\/wp-json\/wp\/v2\/pages\/2080#wpcf7-f1534-o1\" method=\"post\" class=\"wpcf7-form init\" aria-label=\"Formulario de contacto\" novalidate=\"novalidate\" data-status=\"init\" data-trp-original-action=\"\/ca\/wp-json\/wp\/v2\/pages\/2080#wpcf7-f1534-o1\">\n<fieldset class=\"hidden-fields-container\"><input type=\"hidden\" name=\"_wpcf7\" value=\"1534\" \/><input type=\"hidden\" name=\"_wpcf7_version\" value=\"6.1.4\" \/><input type=\"hidden\" name=\"_wpcf7_locale\" value=\"es_ES\" \/><input type=\"hidden\" name=\"_wpcf7_unit_tag\" value=\"wpcf7-f1534-o1\" \/><input type=\"hidden\" name=\"_wpcf7_container_post\" value=\"0\" \/><input type=\"hidden\" name=\"_wpcf7_posted_data_hash\" value=\"\" \/><input type=\"hidden\" name=\"_wpcf7_recaptcha_response\" value=\"\" \/>\n<\/fieldset>\n<div id=\"responsive-form\" class=\"clearfix\">\n\t<div class=\"form-row\">\n\t\t<div class=\"column-half\">\n\t\t\t<p>Nom <span class=\"wpcf7-form-control-wrap\" data-name=\"your-name\"><input size=\"40\" maxlength=\"400\" class=\"wpcf7-form-control wpcf7-text wpcf7-validates-as-required\" aria-required=\"true\" aria-invalid=\"false\" placeholder=\"Nom\" value=\"\" type=\"text\" name=\"your-name\" \/><\/span>\n\t\t\t<\/p>\n\t\t<\/div>\n\t\t<div class=\"column-half\">\n\t\t\t<p>Cognoms <span class=\"wpcf7-form-control-wrap\" data-name=\"last-name\"><input size=\"40\" maxlength=\"400\" class=\"wpcf7-form-control wpcf7-text wpcf7-validates-as-required\" aria-required=\"true\" aria-invalid=\"false\" placeholder=\"Cognoms\" value=\"\" type=\"text\" name=\"last-name\" \/><\/span>\n\t\t\t<\/p>\n\t\t<\/div>\n\t<\/div>\n\t<div class=\"form-row\">\n\t\t<div class=\"column-half\">\n\t\t\t<p>Email <span class=\"wpcf7-form-control-wrap\" data-name=\"your-email\"><input size=\"40\" maxlength=\"400\" class=\"wpcf7-form-control wpcf7-email wpcf7-validates-as-required wpcf7-text wpcf7-validates-as-email\" aria-required=\"true\" aria-invalid=\"false\" placeholder=\"Email\" value=\"\" type=\"email\" name=\"your-email\" \/><\/span>\n\t\t\t<\/p>\n\t\t<\/div>\n\t\t<div class=\"column-half\">\n\t\t\t<p>Tel\u00e8fon <span class=\"wpcf7-form-control-wrap\" data-name=\"your-phone\"><input size=\"40\" maxlength=\"400\" class=\"wpcf7-form-control wpcf7-tel wpcf7-validates-as-required wpcf7-text wpcf7-validates-as-tel\" aria-required=\"true\" aria-invalid=\"false\" placeholder=\"Tel\u00e8fon\" value=\"\" type=\"tel\" name=\"your-phone\" \/><\/span>\n\t\t\t<\/p>\n\t\t<\/div>\n\t<\/div>\n\t<div class=\"form-row\">\n\t\t<div class=\"column-full\">\n\t\t\t<p>Poblaci\u00f3n<span class=\"wpcf7-form-control-wrap\" data-name=\"your-city\"><input size=\"40\" maxlength=\"400\" class=\"wpcf7-form-control wpcf7-text wpcf7-validates-as-required\" aria-required=\"true\" aria-invalid=\"false\" placeholder=\"Indique aqu\u00ed su poblaci\u00f3n\" value=\"\" type=\"text\" name=\"your-city\" \/><\/span>\n\t\t\t<\/p>\n\t\t<\/div>\n\t<\/div>\n\t<div class=\"form-row\">\n\t\t<div class=\"column-full\">\n\t\t\t<p>Categoria<br \/>\n<span class=\"wpcf7-form-control-wrap\" data-name=\"radio-506\"><span class=\"wpcf7-form-control wpcf7-radio\"><span class=\"wpcf7-list-item first\"><label><input type=\"radio\" name=\"radio-506\" value=\"C\u00e9sped natural\" \/><span class=\"wpcf7-list-item-label\">Gespa natural<\/span><\/label><\/span><span class=\"wpcf7-list-item\"><label><input type=\"radio\" name=\"radio-506\" value=\"Piscinas\" \/><span class=\"wpcf7-list-item-label\">Piscines<\/span><\/label><\/span><span class=\"wpcf7-list-item\"><label><input type=\"radio\" name=\"radio-506\" value=\"P\u00e9rgolas\" \/><span class=\"wpcf7-list-item-label\">P\u00e8rgoles<\/span><\/label><\/span><span class=\"wpcf7-list-item\"><label><input type=\"radio\" name=\"radio-506\" value=\"Placas Solares\" \/><span class=\"wpcf7-list-item-label\">Plaques Solars<\/span><\/label><\/span><span class=\"wpcf7-list-item last\"><label><input type=\"radio\" name=\"radio-506\" value=\"Otro\" checked=\"checked\" \/><span class=\"wpcf7-list-item-label\">Un altre<\/span><\/label><\/span><\/span><\/span>\n\t\t\t<\/p>\n\t\t<\/div>\n\t<\/div>\n\t<div class=\"form-row\">\n\t\t<div class=\"column-full\">\n\t\t\t<p>Producte interessat <span class=\"wpcf7-form-control-wrap\" data-name=\"your-interest\"><textarea cols=\"40\" rows=\"1\" maxlength=\"2000\" class=\"wpcf7-form-control wpcf7-textarea\" aria-invalid=\"false\" placeholder=\"Indiqueu el producte\/s en els quals voleu un pressupost orientatiu\" name=\"your-interest\"><\/textarea><\/span>\n\t\t\t<\/p>\n\t\t<\/div>\n\t<\/div>\n\t<div class=\"form-row\">\n\t\t<div class=\"column-full\">\n\t\t\t<p>Quantitat de m\u00b2 o mides del producte desitjat <span class=\"wpcf7-form-control-wrap\" data-name=\"your-quantity\"><textarea cols=\"40\" rows=\"1\" maxlength=\"2000\" class=\"wpcf7-form-control wpcf7-textarea\" aria-invalid=\"false\" placeholder=\"Quantitat\" name=\"your-quantity\"><\/textarea><\/span>\n\t\t\t<\/p>\n\t\t<\/div>\n\t<\/div>\n\t<div class=\"form-row\">\n\t\t<div class=\"column-full\">\n\t\t\t<p>Terreny actual<br \/>\n<span class=\"wpcf7-form-control-wrap\" data-name=\"radio-508\"><span class=\"wpcf7-form-control wpcf7-radio\"><span class=\"wpcf7-list-item first\"><label><input type=\"radio\" name=\"radio-508\" value=\"C\u00e9sped natural\" \/><span class=\"wpcf7-list-item-label\">Gespa natural<\/span><\/label><\/span><span class=\"wpcf7-list-item\"><label><input type=\"radio\" name=\"radio-508\" value=\"Pavimento\" \/><span class=\"wpcf7-list-item-label\">Paviment<\/span><\/label><\/span><span class=\"wpcf7-list-item\"><label><input type=\"radio\" name=\"radio-508\" value=\"Tierra\" \/><span class=\"wpcf7-list-item-label\">Terra<\/span><\/label><\/span><span class=\"wpcf7-list-item last\"><label><input type=\"radio\" name=\"radio-508\" value=\"Otro\" checked=\"checked\" \/><span class=\"wpcf7-list-item-label\">Un altre<\/span><\/label><\/span><\/span><\/span>\n\t\t\t<\/p>\n\t\t<\/div>\n\t<\/div>\n\t<div class=\"form-row\">\n\t\t<div class=\"column-full\">\n\t\t\t<p>Observacions <span class=\"wpcf7-form-control-wrap\" data-name=\"your-message\"><textarea cols=\"40\" rows=\"2\" maxlength=\"2000\" class=\"wpcf7-form-control wpcf7-textarea\" aria-invalid=\"false\" placeholder=\"Indiqueu aqu\u00ed si teniu alguna observaci\u00f3:\" name=\"your-message\"><\/textarea><\/span>\n\t\t\t<\/p>\n\t\t<\/div>\n\t<\/div>\n\t<p><span class=\"wpcf7-form-control-wrap\" data-name=\"acceptance-947\"><span class=\"wpcf7-form-control wpcf7-acceptance\"><span class=\"wpcf7-list-item\"><label><input type=\"checkbox\" name=\"acceptance-947\" value=\"1\" aria-invalid=\"false\" \/><span class=\"wpcf7-list-item-label\">Acepto la pol\u00edtica de privacidad y el env\u00edo de informaci\u00f3n<\/span><\/label><\/span><\/span><\/span>\n\t<\/p>\n\t<div class=\"form-row\">\n\t\t<div class=\"column-full\">\n\t\t\t<p><input class=\"wpcf7-form-control wpcf7-submit has-spinner\" type=\"submit\" value=\"Enviar\" \/>\n\t\t\t<\/p>\n\t\t<\/div>\n\t<\/div>\n<\/div><!--end responsive-form--><div class=\"wpcf7-response-output\" aria-hidden=\"true\"><\/div>\n<input type=\"hidden\" name=\"trp-form-language\" value=\"ca\"\/><\/form>\n<\/div>\n<\/div>\n\t\t\t\t\t\t<\/div>\n\t\t\t\t<\/div>\n\t\t\t\t\t<\/div>\n\t\t<\/div>\n\t\t\t\t\t<\/div>\n\t\t<\/section>\n\t\t\t\t<\/div>","protected":false},"excerpt":{"rendered":"<p>Disfruta de un espacio verde sin esfuerzo con la instalaci\u00f3n de c\u00e9sped artificial en Berga \u00bfTe imaginas un jard\u00edn siempre verde, sin necesidad de riego, siega ni mantenimiento constante? Con la instalaci\u00f3n de c\u00e9sped artificial en tu jard\u00edn en Berga, puedes olvidarte de los problemas del c\u00e9sped natural y disfrutar de un espacio impecable durante [&hellip;]<\/p>","protected":false},"author":2,"featured_media":0,"parent":0,"menu_order":11,"comment_status":"closed","ping_status":"closed","template":"","meta":{"footnotes":""},"class_list":["post-2080","page","type-page","status-publish","hentry"],"yoast_head":"<!-- This site is optimized with the Yoast SEO plugin v26.7 - https:\/\/yoast.com\/wordpress\/plugins\/seo\/ -->\n<title>Instalaci\u00f3n c\u00e9sped artificial Berga - MiroVerd<\/title>\n<meta name=\"description\" content=\"Transforma tu jard\u00edn en Berga con la instalaci\u00f3n de c\u00e9sped artificial y disfruta de un espacio siempre verde y de bajo mantenimiento.\" \/>\n<meta name=\"robots\" content=\"index, follow, max-snippet:-1, max-image-preview:large, max-video-preview:-1\" \/>\n<link rel=\"canonical\" href=\"https:\/\/miroverd.com\/ca\/instalacion-cesped-artificial-berga\/\" \/>\n<meta property=\"og:locale\" content=\"ca_ES\" \/>\n<meta property=\"og:type\" content=\"article\" \/>\n<meta property=\"og:title\" content=\"Instalaci\u00f3n c\u00e9sped artificial Berga - MiroVerd\" \/>\n<meta property=\"og:description\" content=\"Transforma tu jard\u00edn en Berga con la instalaci\u00f3n de c\u00e9sped artificial y disfruta de un espacio siempre verde y de bajo mantenimiento.\" \/>\n<meta property=\"og:url\" content=\"https:\/\/miroverd.com\/ca\/instalacion-cesped-artificial-berga\/\" \/>\n<meta property=\"og:site_name\" content=\"MiroVerd\" \/>\n<meta property=\"article:modified_time\" content=\"2025-04-09T09:10:32+00:00\" \/>\n<meta name=\"twitter:card\" content=\"summary_large_image\" \/>\n<meta name=\"twitter:label1\" content=\"Temps estimat de lectura\" \/>\n\t<meta name=\"twitter:data1\" content=\"2 minuts\" \/>\n<script type=\"application\/ld+json\" class=\"yoast-schema-graph\">{\"@context\":\"https:\/\/schema.org\",\"@graph\":[{\"@type\":\"WebPage\",\"@id\":\"https:\/\/miroverd.com\/instalacion-cesped-artificial-berga\/\",\"url\":\"https:\/\/miroverd.com\/instalacion-cesped-artificial-berga\/\",\"name\":\"Instalaci\u00f3n c\u00e9sped artificial Berga - MiroVerd\",\"isPartOf\":{\"@id\":\"https:\/\/miroverd.com\/#website\"},\"datePublished\":\"2025-03-07T09:48:04+00:00\",\"dateModified\":\"2025-04-09T09:10:32+00:00\",\"description\":\"Transforma tu jard\u00edn en Berga con la instalaci\u00f3n de c\u00e9sped artificial y disfruta de un espacio siempre verde y de bajo mantenimiento.\",\"breadcrumb\":{\"@id\":\"https:\/\/miroverd.com\/instalacion-cesped-artificial-berga\/#breadcrumb\"},\"inLanguage\":\"ca\",\"potentialAction\":[{\"@type\":\"ReadAction\",\"target\":[\"https:\/\/miroverd.com\/instalacion-cesped-artificial-berga\/\"]}]},{\"@type\":\"BreadcrumbList\",\"@id\":\"https:\/\/miroverd.com\/instalacion-cesped-artificial-berga\/#breadcrumb\",\"itemListElement\":[{\"@type\":\"ListItem\",\"position\":1,\"name\":\"Portada\",\"item\":\"https:\/\/miroverd.com\/\"},{\"@type\":\"ListItem\",\"position\":2,\"name\":\"Instalaci\u00f3n c\u00e9sped artificial Berga\"}]},{\"@type\":\"WebSite\",\"@id\":\"https:\/\/miroverd.com\/#website\",\"url\":\"https:\/\/miroverd.com\/\",\"name\":\"MiroVerd\",\"description\":\"\",\"publisher\":{\"@id\":\"https:\/\/miroverd.com\/#organization\"},\"potentialAction\":[{\"@type\":\"SearchAction\",\"target\":{\"@type\":\"EntryPoint\",\"urlTemplate\":\"https:\/\/miroverd.com\/?s={search_term_string}\"},\"query-input\":{\"@type\":\"PropertyValueSpecification\",\"valueRequired\":true,\"valueName\":\"search_term_string\"}}],\"inLanguage\":\"ca\"},{\"@type\":\"Organization\",\"@id\":\"https:\/\/miroverd.com\/#organization\",\"name\":\"MiroVerd\",\"url\":\"https:\/\/miroverd.com\/\",\"logo\":{\"@type\":\"ImageObject\",\"inLanguage\":\"ca\",\"@id\":\"https:\/\/miroverd.com\/#\/schema\/logo\/image\/\",\"url\":\"https:\/\/miroverd.com\/wp-content\/uploads\/IMAGOTIPO_PNG-2.png\",\"contentUrl\":\"https:\/\/miroverd.com\/wp-content\/uploads\/IMAGOTIPO_PNG-2.png\",\"width\":352,\"height\":225,\"caption\":\"MiroVerd\"},\"image\":{\"@id\":\"https:\/\/miroverd.com\/#\/schema\/logo\/image\/\"}}]}<\/script>\n<!-- \/ Yoast SEO plugin. -->","yoast_head_json":{"title":"Instalaci\u00f3n c\u00e9sped artificial Berga - MiroVerd","description":"Transforma tu jard\u00edn en Berga con la instalaci\u00f3n de c\u00e9sped artificial y disfruta de un espacio siempre verde y de bajo mantenimiento.","robots":{"index":"index","follow":"follow","max-snippet":"max-snippet:-1","max-image-preview":"max-image-preview:large","max-video-preview":"max-video-preview:-1"},"canonical":"https:\/\/miroverd.com\/ca\/instalacion-cesped-artificial-berga\/","og_locale":"ca_ES","og_type":"article","og_title":"Instalaci\u00f3n c\u00e9sped artificial Berga - MiroVerd","og_description":"Transforma tu jard\u00edn en Berga con la instalaci\u00f3n de c\u00e9sped artificial y disfruta de un espacio siempre verde y de bajo mantenimiento.","og_url":"https:\/\/miroverd.com\/ca\/instalacion-cesped-artificial-berga\/","og_site_name":"MiroVerd","article_modified_time":"2025-04-09T09:10:32+00:00","twitter_card":"summary_large_image","twitter_misc":{"Temps estimat de lectura":"2 minuts"},"schema":{"@context":"https:\/\/schema.org","@graph":[{"@type":"WebPage","@id":"https:\/\/miroverd.com\/instalacion-cesped-artificial-berga\/","url":"https:\/\/miroverd.com\/instalacion-cesped-artificial-berga\/","name":"Instalaci\u00f3n c\u00e9sped artificial Berga - MiroVerd","isPartOf":{"@id":"https:\/\/miroverd.com\/#website"},"datePublished":"2025-03-07T09:48:04+00:00","dateModified":"2025-04-09T09:10:32+00:00","description":"Transforma tu jard\u00edn en Berga con la instalaci\u00f3n de c\u00e9sped artificial y disfruta de un espacio siempre verde y de bajo mantenimiento.","breadcrumb":{"@id":"https:\/\/miroverd.com\/instalacion-cesped-artificial-berga\/#breadcrumb"},"inLanguage":"ca","potentialAction":[{"@type":"ReadAction","target":["https:\/\/miroverd.com\/instalacion-cesped-artificial-berga\/"]}]},{"@type":"BreadcrumbList","@id":"https:\/\/miroverd.com\/instalacion-cesped-artificial-berga\/#breadcrumb","itemListElement":[{"@type":"ListItem","position":1,"name":"Portada","item":"https:\/\/miroverd.com\/"},{"@type":"ListItem","position":2,"name":"Instalaci\u00f3n c\u00e9sped artificial Berga"}]},{"@type":"WebSite","@id":"https:\/\/miroverd.com\/#website","url":"https:\/\/miroverd.com\/","name":"MiroVerd","description":"","publisher":{"@id":"https:\/\/miroverd.com\/#organization"},"potentialAction":[{"@type":"SearchAction","target":{"@type":"EntryPoint","urlTemplate":"https:\/\/miroverd.com\/?s={search_term_string}"},"query-input":{"@type":"PropertyValueSpecification","valueRequired":true,"valueName":"search_term_string"}}],"inLanguage":"ca"},{"@type":"Organization","@id":"https:\/\/miroverd.com\/#organization","name":"MiroVerd","url":"https:\/\/miroverd.com\/","logo":{"@type":"ImageObject","inLanguage":"ca","@id":"https:\/\/miroverd.com\/#\/schema\/logo\/image\/","url":"https:\/\/miroverd.com\/wp-content\/uploads\/IMAGOTIPO_PNG-2.png","contentUrl":"https:\/\/miroverd.com\/wp-content\/uploads\/IMAGOTIPO_PNG-2.png","width":352,"height":225,"caption":"MiroVerd"},"image":{"@id":"https:\/\/miroverd.com\/#\/schema\/logo\/image\/"}}]}},"_links":{"self":[{"href":"https:\/\/miroverd.com\/ca\/wp-json\/wp\/v2\/pages\/2080","targetHints":{"allow":["GET"]}}],"collection":[{"href":"https:\/\/miroverd.com\/ca\/wp-json\/wp\/v2\/pages"}],"about":[{"href":"https:\/\/miroverd.com\/ca\/wp-json\/wp\/v2\/types\/page"}],"author":[{"embeddable":true,"href":"https:\/\/miroverd.com\/ca\/wp-json\/wp\/v2\/users\/2"}],"replies":[{"embeddable":true,"href":"https:\/\/miroverd.com\/ca\/wp-json\/wp\/v2\/comments?post=2080"}],"version-history":[{"count":13,"href":"https:\/\/miroverd.com\/ca\/wp-json\/wp\/v2\/pages\/2080\/revisions"}],"predecessor-version":[{"id":2656,"href":"https:\/\/miroverd.com\/ca\/wp-json\/wp\/v2\/pages\/2080\/revisions\/2656"}],"wp:attachment":[{"href":"https:\/\/miroverd.com\/ca\/wp-json\/wp\/v2\/media?parent=2080"}],"curies":[{"name":"wp","href":"https:\/\/api.w.org\/{rel}","templated":true}]}}