{"id":2070,"date":"2025-03-06T12:05:44","date_gmt":"2025-03-06T11:05:44","guid":{"rendered":"https:\/\/miroverd.com\/?page_id=2070"},"modified":"2025-04-09T11:12:26","modified_gmt":"2025-04-09T09:12:26","slug":"instalacion-cesped-artificial-badia-del-valles","status":"publish","type":"page","link":"https:\/\/miroverd.com\/ca\/instalacion-cesped-artificial-badia-del-valles\/","title":{"rendered":"Instalaci\u00f3n c\u00e9sped artificial Badia del Vall\u00e8s"},"content":{"rendered":"<div data-elementor-type=\"wp-page\" data-elementor-id=\"2070\" class=\"elementor elementor-2070\" data-elementor-post-type=\"page\">\n\t\t\t\t\t\t<section class=\"elementor-section elementor-top-section elementor-element elementor-element-659ec96a elementor-section-height-min-height elementor-section-boxed elementor-section-height-default elementor-section-items-middle\" data-id=\"659ec96a\" data-element_type=\"section\" data-settings=\"{&quot;background_background&quot;:&quot;classic&quot;}\">\n\t\t\t\t\t\t\t<div class=\"elementor-background-overlay\"><\/div>\n\t\t\t\t\t\t\t<div class=\"elementor-container elementor-column-gap-default\">\n\t\t\t\t\t<div class=\"elementor-column elementor-col-100 elementor-top-column elementor-element elementor-element-61da014c\" data-id=\"61da014c\" data-element_type=\"column\">\n\t\t\t<div class=\"elementor-widget-wrap elementor-element-populated\">\n\t\t\t\t\t\t\t<\/div>\n\t\t<\/div>\n\t\t\t\t\t<\/div>\n\t\t<\/section>\n\t\t\t\t<section class=\"elementor-section elementor-top-section elementor-element elementor-element-5ee46887 elementor-section-boxed elementor-section-height-default elementor-section-height-default\" data-id=\"5ee46887\" data-element_type=\"section\" data-settings=\"{&quot;background_background&quot;:&quot;classic&quot;}\">\n\t\t\t\t\t\t<div class=\"elementor-container elementor-column-gap-default\">\n\t\t\t\t\t<div class=\"elementor-column elementor-col-50 elementor-top-column elementor-element elementor-element-3bf86df0\" data-id=\"3bf86df0\" data-element_type=\"column\">\n\t\t\t<div class=\"elementor-widget-wrap elementor-element-populated\">\n\t\t\t\t\t\t<section class=\"elementor-section elementor-inner-section elementor-element elementor-element-37a646f9 elementor-section-boxed elementor-section-height-default elementor-section-height-default\" data-id=\"37a646f9\" data-element_type=\"section\">\n\t\t\t\t\t\t<div class=\"elementor-container elementor-column-gap-default\">\n\t\t\t\t\t<div class=\"elementor-column elementor-col-100 elementor-inner-column elementor-element elementor-element-27e293a\" data-id=\"27e293a\" data-element_type=\"column\">\n\t\t\t<div class=\"elementor-widget-wrap elementor-element-populated\">\n\t\t\t\t\t\t<div class=\"elementor-element elementor-element-daeb203 elementor-widget__width-initial elementor-widget-divider--view-line elementor-widget elementor-widget-divider\" data-id=\"daeb203\" data-element_type=\"widget\" data-widget_type=\"divider.default\">\n\t\t\t\t<div class=\"elementor-widget-container\">\n\t\t\t\t\t\t\t<div class=\"elementor-divider\">\n\t\t\t<span class=\"elementor-divider-separator\">\n\t\t\t\t\t\t<\/span>\n\t\t<\/div>\n\t\t\t\t\t\t<\/div>\n\t\t\t\t<\/div>\n\t\t\t\t<div class=\"elementor-element elementor-element-2004c9b elementor-widget elementor-widget-heading\" data-id=\"2004c9b\" data-element_type=\"widget\" data-widget_type=\"heading.default\">\n\t\t\t\t<div class=\"elementor-widget-container\">\n\t\t\t\t\t<h2 class=\"elementor-heading-title elementor-size-default\">Instalaci\u00f3n de c\u00e9sped artificial en Badia del Vall\u00e8s para un jard\u00edn impecable<\/h2>\t\t\t\t<\/div>\n\t\t\t\t<\/div>\n\t\t\t\t\t<\/div>\n\t\t<\/div>\n\t\t\t\t\t<\/div>\n\t\t<\/section>\n\t\t\t\t<div class=\"elementor-element elementor-element-57b49f1e elementor-widget elementor-widget-text-editor\" data-id=\"57b49f1e\" data-element_type=\"widget\" data-widget_type=\"text-editor.default\">\n\t\t\t\t<div class=\"elementor-widget-container\">\n\t\t\t\t\t\t\t\t\t<p><span style=\"font-weight: 400;\">\u00bfEst\u00e1s cansado de ver tu jard\u00edn perder el verde con el tiempo debido al mantenimiento constante del c\u00e9sped natural? El riego, la siega, y la lucha contra las malas hierbas son solo algunas de las tareas interminables que requieren mucho tiempo y esfuerzo. Adem\u00e1s, si eres due\u00f1o de un restaurante, hotel o cualquier tipo de negocio, sabes que la est\u00e9tica de tu espacio exterior tambi\u00e9n impacta directamente en la percepci\u00f3n de tus clientes.<\/span><\/p><p><span style=\"font-weight: 400;\">En MiroVerd, entendemos que deseas disfrutar de un espacio exterior bonito y funcional, sin la carga de mantenerlo. Es aqu\u00ed donde entra nuestro servicio de <\/span><b>instal\u00b7laci\u00f3 <\/b><span style=\"font-weight: 400;\">de <\/span><b>c\u00e9sped artificial <\/b><span style=\"font-weight: 400;\">cerca de <\/span><b>Badia del Vall\u00e8s<\/b><span style=\"font-weight: 400;\">.<\/span><\/p><h2><strong>Con MiroVerd tendr\u00e1s un c\u00e9sped siempre perfecto<\/strong><\/h2><p><span style=\"font-weight: 400;\">Con la <\/span><b>instal\u00b7laci\u00f3 <\/b><span style=\"font-weight: 400;\">de <\/span><b>c\u00e9sped artificial <\/b><span style=\"font-weight: 400;\">a <\/span><b>Badia del Vall\u00e8s<\/b><span style=\"font-weight: 400;\"> por parte de MiroVerd, podr\u00e1s decir adi\u00f3s a las preocupaciones del c\u00e9sped natural. Nuestro <\/span><b>c\u00e9sped artificial<\/b><span style=\"font-weight: 400;\"> es una alternativa duradera y de bajo mantenimiento que siempre lucir\u00e1 verde y perfecto. Nos especializamos en transformar tu jard\u00edn, terraza o zona exterior con soluciones est\u00e9ticas y pr\u00e1cticas adaptadas a tus necesidades.<\/span><\/p><p><span style=\"font-weight: 400;\">Nos comprometemos a ofrecerte productos de alta calidad, acompa\u00f1ados de un servicio de instalaci\u00f3n profesional y personalizado. Desde el asesoramiento inicial hasta la instalaci\u00f3n final, nuestro equipo te guiar\u00e1 en todo el proceso para asegurarse de que tu espacio quede exactamente como lo imaginas.<\/span><\/p><h2><strong>Conf\u00eda en MiroVerd para la instalaci\u00f3n de c\u00e9sped artificial en Badia del Vall\u00e8s<\/strong><\/h2><p><span style=\"font-weight: 400;\">Nuestra experiencia habla por s\u00ed sola. Con a\u00f1os de trabajo en la <\/span><b>instal\u00b7laci\u00f3 <\/b><span style=\"font-weight: 400;\">de <\/span><b>c\u00e9sped artificial <\/b><span style=\"font-weight: 400;\">cerca de <\/span><b>Badia del Vall\u00e8s<\/b><span style=\"font-weight: 400;\">, hemos transformado numerosos jardines, terrazas y zonas comunes para particulares, empresas y comunidades de vecinos.<\/span><\/p><p><span style=\"font-weight: 400;\">Nuestros productos est\u00e1n dise\u00f1ados para resistir el paso del tiempo, incluso en \u00e1reas de alto tr\u00e1fico. Gracias a nuestra experiencia y la calidad de nuestros productos, puedes estar seguro de que tu inversi\u00f3n perdurar\u00e1.<\/span><\/p><h2><strong>\u00bfPor qu\u00e9 elegir MiroVerd para la instalaci\u00f3n de c\u00e9sped artificial en Badia del Vall\u00e8s?<\/strong><\/h2><p><span style=\"font-weight: 400;\">Al elegir la <\/span><b>instal\u00b7laci\u00f3 <\/b><span style=\"font-weight: 400;\">de <\/span><b>c\u00e9sped artificial <\/b><span style=\"font-weight: 400;\">a <\/span><b>Badia del Vall\u00e8s<\/b><span style=\"font-weight: 400;\"> con MiroVerd, disfrutar\u00e1s de beneficios como:<\/span><\/p><ul><li style=\"font-weight: 400;\" aria-level=\"1\"><b>Bajo mantenimiento<\/b><span style=\"font-weight: 400;\">: olv\u00eddate de cortar el c\u00e9sped, regarlo o tratar con malas hierbas.<\/span><\/li><li style=\"font-weight: 400;\" aria-level=\"1\"><b>Est\u00e9tica duradera<\/b><span style=\"font-weight: 400;\">: un c\u00e9sped verde y brillante durante todo el a\u00f1o.<\/span><\/li><li style=\"font-weight: 400;\" aria-level=\"1\"><b>Instalaci\u00f3n profesional<\/b><span style=\"font-weight: 400;\">: nuestros expertos aseguran un acabado perfecto para tu espacio.<\/span><\/li><li style=\"font-weight: 400;\" aria-level=\"1\"><b>Sostenibilidad<\/b><span style=\"font-weight: 400;\"><span style=\"font-weight: 400;\">: menos agua, menos productos qu\u00edmicos y menos residuos, lo que contribuye al medio ambiente.<br \/><br \/><\/span><\/span><\/li><\/ul><p><span style=\"font-weight: 400;\">No pierdas la oportunidad de tener el jard\u00edn de tus sue\u00f1os. Contacta con nosotros hoy mismo para obtener un presupuesto sin compromiso y empieza a disfrutar de un jard\u00edn impecable todo el a\u00f1o.<\/span><\/p>\t\t\t\t\t\t\t\t<\/div>\n\t\t\t\t<\/div>\n\t\t\t\t\t<\/div>\n\t\t<\/div>\n\t\t\t\t<div class=\"elementor-column elementor-col-50 elementor-top-column elementor-element elementor-element-2fc7ebf1\" data-id=\"2fc7ebf1\" data-element_type=\"column\" data-settings=\"{&quot;background_background&quot;:&quot;classic&quot;}\">\n\t\t\t<div class=\"elementor-widget-wrap elementor-element-populated\">\n\t\t\t\t\t\t<section class=\"elementor-section elementor-inner-section elementor-element elementor-element-5128fa09 elementor-section-boxed elementor-section-height-default elementor-section-height-default\" data-id=\"5128fa09\" data-element_type=\"section\" data-settings=\"{&quot;background_background&quot;:&quot;classic&quot;}\">\n\t\t\t\t\t\t<div class=\"elementor-container elementor-column-gap-default\">\n\t\t\t\t\t<div class=\"elementor-column elementor-col-100 elementor-inner-column elementor-element elementor-element-56c15917\" data-id=\"56c15917\" data-element_type=\"column\">\n\t\t\t<div class=\"elementor-widget-wrap elementor-element-populated\">\n\t\t\t\t\t\t<div class=\"elementor-element elementor-element-ba0d00b elementor-widget elementor-widget-heading\" data-id=\"ba0d00b\" data-element_type=\"widget\" data-widget_type=\"heading.default\">\n\t\t\t\t<div class=\"elementor-widget-container\">\n\t\t\t\t\t<h3 class=\"elementor-heading-title elementor-size-default\">Cont\u00e1ctanos sin compromiso<\/h3>\t\t\t\t<\/div>\n\t\t\t\t<\/div>\n\t\t\t\t\t<\/div>\n\t\t<\/div>\n\t\t\t\t\t<\/div>\n\t\t<\/section>\n\t\t\t\t<div class=\"elementor-element elementor-element-0fd429e elementor-widget elementor-widget-shortcode\" data-id=\"0fd429e\" data-element_type=\"widget\" data-widget_type=\"shortcode.default\">\n\t\t\t\t<div class=\"elementor-widget-container\">\n\t\t\t\t\t\t\t<div class=\"elementor-shortcode\">\n<div class=\"wpcf7 no-js\" id=\"wpcf7-f1534-o1\" lang=\"es-ES\" dir=\"ltr\" data-wpcf7-id=\"1534\">\n<div class=\"screen-reader-response\"><p role=\"status\" aria-live=\"polite\" aria-atomic=\"true\"><\/p> <ul><\/ul><\/div>\n<form action=\"\/ca\/wp-json\/wp\/v2\/pages\/2070#wpcf7-f1534-o1\" method=\"post\" class=\"wpcf7-form init\" aria-label=\"Formulario de contacto\" novalidate=\"novalidate\" data-status=\"init\" data-trp-original-action=\"\/ca\/wp-json\/wp\/v2\/pages\/2070#wpcf7-f1534-o1\">\n<fieldset class=\"hidden-fields-container\"><input type=\"hidden\" name=\"_wpcf7\" value=\"1534\" \/><input type=\"hidden\" name=\"_wpcf7_version\" value=\"6.1.4\" \/><input type=\"hidden\" name=\"_wpcf7_locale\" value=\"es_ES\" \/><input type=\"hidden\" name=\"_wpcf7_unit_tag\" value=\"wpcf7-f1534-o1\" \/><input type=\"hidden\" name=\"_wpcf7_container_post\" value=\"0\" \/><input type=\"hidden\" name=\"_wpcf7_posted_data_hash\" value=\"\" \/><input type=\"hidden\" name=\"_wpcf7_recaptcha_response\" value=\"\" \/>\n<\/fieldset>\n<div id=\"responsive-form\" class=\"clearfix\">\n\t<div class=\"form-row\">\n\t\t<div class=\"column-half\">\n\t\t\t<p>Nom <span class=\"wpcf7-form-control-wrap\" data-name=\"your-name\"><input size=\"40\" maxlength=\"400\" class=\"wpcf7-form-control wpcf7-text wpcf7-validates-as-required\" aria-required=\"true\" aria-invalid=\"false\" placeholder=\"Nom\" value=\"\" type=\"text\" name=\"your-name\" \/><\/span>\n\t\t\t<\/p>\n\t\t<\/div>\n\t\t<div class=\"column-half\">\n\t\t\t<p>Cognoms <span class=\"wpcf7-form-control-wrap\" data-name=\"last-name\"><input size=\"40\" maxlength=\"400\" class=\"wpcf7-form-control wpcf7-text wpcf7-validates-as-required\" aria-required=\"true\" aria-invalid=\"false\" placeholder=\"Cognoms\" value=\"\" type=\"text\" name=\"last-name\" \/><\/span>\n\t\t\t<\/p>\n\t\t<\/div>\n\t<\/div>\n\t<div class=\"form-row\">\n\t\t<div class=\"column-half\">\n\t\t\t<p>Email <span class=\"wpcf7-form-control-wrap\" data-name=\"your-email\"><input size=\"40\" maxlength=\"400\" class=\"wpcf7-form-control wpcf7-email wpcf7-validates-as-required wpcf7-text wpcf7-validates-as-email\" aria-required=\"true\" aria-invalid=\"false\" placeholder=\"Email\" value=\"\" type=\"email\" name=\"your-email\" \/><\/span>\n\t\t\t<\/p>\n\t\t<\/div>\n\t\t<div class=\"column-half\">\n\t\t\t<p>Tel\u00e8fon <span class=\"wpcf7-form-control-wrap\" data-name=\"your-phone\"><input size=\"40\" maxlength=\"400\" class=\"wpcf7-form-control wpcf7-tel wpcf7-validates-as-required wpcf7-text wpcf7-validates-as-tel\" aria-required=\"true\" aria-invalid=\"false\" placeholder=\"Tel\u00e8fon\" value=\"\" type=\"tel\" name=\"your-phone\" \/><\/span>\n\t\t\t<\/p>\n\t\t<\/div>\n\t<\/div>\n\t<div class=\"form-row\">\n\t\t<div class=\"column-full\">\n\t\t\t<p>Poblaci\u00f3n<span class=\"wpcf7-form-control-wrap\" data-name=\"your-city\"><input size=\"40\" maxlength=\"400\" class=\"wpcf7-form-control wpcf7-text wpcf7-validates-as-required\" aria-required=\"true\" aria-invalid=\"false\" placeholder=\"Indique aqu\u00ed su poblaci\u00f3n\" value=\"\" type=\"text\" name=\"your-city\" \/><\/span>\n\t\t\t<\/p>\n\t\t<\/div>\n\t<\/div>\n\t<div class=\"form-row\">\n\t\t<div class=\"column-full\">\n\t\t\t<p>Categoria<br \/>\n<span class=\"wpcf7-form-control-wrap\" data-name=\"radio-506\"><span class=\"wpcf7-form-control wpcf7-radio\"><span class=\"wpcf7-list-item first\"><label><input type=\"radio\" name=\"radio-506\" value=\"C\u00e9sped natural\" \/><span class=\"wpcf7-list-item-label\">Gespa natural<\/span><\/label><\/span><span class=\"wpcf7-list-item\"><label><input type=\"radio\" name=\"radio-506\" value=\"Piscinas\" \/><span class=\"wpcf7-list-item-label\">Piscines<\/span><\/label><\/span><span class=\"wpcf7-list-item\"><label><input type=\"radio\" name=\"radio-506\" value=\"P\u00e9rgolas\" \/><span class=\"wpcf7-list-item-label\">P\u00e8rgoles<\/span><\/label><\/span><span class=\"wpcf7-list-item\"><label><input type=\"radio\" name=\"radio-506\" value=\"Placas Solares\" \/><span class=\"wpcf7-list-item-label\">Plaques Solars<\/span><\/label><\/span><span class=\"wpcf7-list-item last\"><label><input type=\"radio\" name=\"radio-506\" value=\"Otro\" checked=\"checked\" \/><span class=\"wpcf7-list-item-label\">Un altre<\/span><\/label><\/span><\/span><\/span>\n\t\t\t<\/p>\n\t\t<\/div>\n\t<\/div>\n\t<div class=\"form-row\">\n\t\t<div class=\"column-full\">\n\t\t\t<p>Producte interessat <span class=\"wpcf7-form-control-wrap\" data-name=\"your-interest\"><textarea cols=\"40\" rows=\"1\" maxlength=\"2000\" class=\"wpcf7-form-control wpcf7-textarea\" aria-invalid=\"false\" placeholder=\"Indiqueu el producte\/s en els quals voleu un pressupost orientatiu\" name=\"your-interest\"><\/textarea><\/span>\n\t\t\t<\/p>\n\t\t<\/div>\n\t<\/div>\n\t<div class=\"form-row\">\n\t\t<div class=\"column-full\">\n\t\t\t<p>Quantitat de m\u00b2 o mides del producte desitjat <span class=\"wpcf7-form-control-wrap\" data-name=\"your-quantity\"><textarea cols=\"40\" rows=\"1\" maxlength=\"2000\" class=\"wpcf7-form-control wpcf7-textarea\" aria-invalid=\"false\" placeholder=\"Quantitat\" name=\"your-quantity\"><\/textarea><\/span>\n\t\t\t<\/p>\n\t\t<\/div>\n\t<\/div>\n\t<div class=\"form-row\">\n\t\t<div class=\"column-full\">\n\t\t\t<p>Terreny actual<br \/>\n<span class=\"wpcf7-form-control-wrap\" data-name=\"radio-508\"><span class=\"wpcf7-form-control wpcf7-radio\"><span class=\"wpcf7-list-item first\"><label><input type=\"radio\" name=\"radio-508\" value=\"C\u00e9sped natural\" \/><span class=\"wpcf7-list-item-label\">Gespa natural<\/span><\/label><\/span><span class=\"wpcf7-list-item\"><label><input type=\"radio\" name=\"radio-508\" value=\"Pavimento\" \/><span class=\"wpcf7-list-item-label\">Paviment<\/span><\/label><\/span><span class=\"wpcf7-list-item\"><label><input type=\"radio\" name=\"radio-508\" value=\"Tierra\" \/><span class=\"wpcf7-list-item-label\">Terra<\/span><\/label><\/span><span class=\"wpcf7-list-item last\"><label><input type=\"radio\" name=\"radio-508\" value=\"Otro\" checked=\"checked\" \/><span class=\"wpcf7-list-item-label\">Un altre<\/span><\/label><\/span><\/span><\/span>\n\t\t\t<\/p>\n\t\t<\/div>\n\t<\/div>\n\t<div class=\"form-row\">\n\t\t<div class=\"column-full\">\n\t\t\t<p>Observacions <span class=\"wpcf7-form-control-wrap\" data-name=\"your-message\"><textarea cols=\"40\" rows=\"2\" maxlength=\"2000\" class=\"wpcf7-form-control wpcf7-textarea\" aria-invalid=\"false\" placeholder=\"Indiqueu aqu\u00ed si teniu alguna observaci\u00f3:\" name=\"your-message\"><\/textarea><\/span>\n\t\t\t<\/p>\n\t\t<\/div>\n\t<\/div>\n\t<p><span class=\"wpcf7-form-control-wrap\" data-name=\"acceptance-947\"><span class=\"wpcf7-form-control wpcf7-acceptance\"><span class=\"wpcf7-list-item\"><label><input type=\"checkbox\" name=\"acceptance-947\" value=\"1\" aria-invalid=\"false\" \/><span class=\"wpcf7-list-item-label\">Acepto la pol\u00edtica de privacidad y el env\u00edo de informaci\u00f3n<\/span><\/label><\/span><\/span><\/span>\n\t<\/p>\n\t<div class=\"form-row\">\n\t\t<div class=\"column-full\">\n\t\t\t<p><input class=\"wpcf7-form-control wpcf7-submit has-spinner\" type=\"submit\" value=\"Enviar\" \/>\n\t\t\t<\/p>\n\t\t<\/div>\n\t<\/div>\n<\/div><!--end responsive-form--><div class=\"wpcf7-response-output\" aria-hidden=\"true\"><\/div>\n<input type=\"hidden\" name=\"trp-form-language\" value=\"ca\"\/><\/form>\n<\/div>\n<\/div>\n\t\t\t\t\t\t<\/div>\n\t\t\t\t<\/div>\n\t\t\t\t\t<\/div>\n\t\t<\/div>\n\t\t\t\t\t<\/div>\n\t\t<\/section>\n\t\t\t\t<\/div>","protected":false},"excerpt":{"rendered":"<p>Instalaci\u00f3n de c\u00e9sped artificial en Badia del Vall\u00e8s para un jard\u00edn impecable \u00bfEst\u00e1s cansado de ver tu jard\u00edn perder el verde con el tiempo debido al mantenimiento constante del c\u00e9sped natural? El riego, la siega, y la lucha contra las malas hierbas son solo algunas de las tareas interminables que requieren mucho tiempo y esfuerzo. [&hellip;]<\/p>","protected":false},"author":2,"featured_media":0,"parent":0,"menu_order":11,"comment_status":"closed","ping_status":"closed","template":"","meta":{"footnotes":""},"class_list":["post-2070","page","type-page","status-publish","hentry"],"yoast_head":"<!-- This site is optimized with the Yoast SEO plugin v26.7 - https:\/\/yoast.com\/wordpress\/plugins\/seo\/ -->\n<title>Instalaci\u00f3n c\u00e9sped artificial Badia del Vall\u00e8s - MiroVerd<\/title>\n<meta name=\"description\" content=\"Transforma tu jard\u00edn con la instalaci\u00f3n de c\u00e9sped artificial en Badia del Vall\u00e8s. Disfruta de un espacio verde y perfecto todo el a\u00f1o.\" \/>\n<meta name=\"robots\" content=\"index, follow, max-snippet:-1, max-image-preview:large, max-video-preview:-1\" \/>\n<link rel=\"canonical\" href=\"https:\/\/miroverd.com\/ca\/instalacion-cesped-artificial-badia-del-valles\/\" \/>\n<meta property=\"og:locale\" content=\"ca_ES\" \/>\n<meta property=\"og:type\" content=\"article\" \/>\n<meta property=\"og:title\" content=\"Instalaci\u00f3n c\u00e9sped artificial Badia del Vall\u00e8s - MiroVerd\" \/>\n<meta property=\"og:description\" content=\"Transforma tu jard\u00edn con la instalaci\u00f3n de c\u00e9sped artificial en Badia del Vall\u00e8s. Disfruta de un espacio verde y perfecto todo el a\u00f1o.\" \/>\n<meta property=\"og:url\" content=\"https:\/\/miroverd.com\/ca\/instalacion-cesped-artificial-badia-del-valles\/\" \/>\n<meta property=\"og:site_name\" content=\"MiroVerd\" \/>\n<meta property=\"article:modified_time\" content=\"2025-04-09T09:12:26+00:00\" \/>\n<meta name=\"twitter:card\" content=\"summary_large_image\" \/>\n<meta name=\"twitter:label1\" content=\"Temps estimat de lectura\" \/>\n\t<meta name=\"twitter:data1\" content=\"2 minuts\" \/>\n<script type=\"application\/ld+json\" class=\"yoast-schema-graph\">{\"@context\":\"https:\/\/schema.org\",\"@graph\":[{\"@type\":\"WebPage\",\"@id\":\"https:\/\/miroverd.com\/instalacion-cesped-artificial-badia-del-valles\/\",\"url\":\"https:\/\/miroverd.com\/instalacion-cesped-artificial-badia-del-valles\/\",\"name\":\"Instalaci\u00f3n c\u00e9sped artificial Badia del Vall\u00e8s - MiroVerd\",\"isPartOf\":{\"@id\":\"https:\/\/miroverd.com\/#website\"},\"datePublished\":\"2025-03-06T11:05:44+00:00\",\"dateModified\":\"2025-04-09T09:12:26+00:00\",\"description\":\"Transforma tu jard\u00edn con la instalaci\u00f3n de c\u00e9sped artificial en Badia del Vall\u00e8s. Disfruta de un espacio verde y perfecto todo el a\u00f1o.\",\"breadcrumb\":{\"@id\":\"https:\/\/miroverd.com\/instalacion-cesped-artificial-badia-del-valles\/#breadcrumb\"},\"inLanguage\":\"ca\",\"potentialAction\":[{\"@type\":\"ReadAction\",\"target\":[\"https:\/\/miroverd.com\/instalacion-cesped-artificial-badia-del-valles\/\"]}]},{\"@type\":\"BreadcrumbList\",\"@id\":\"https:\/\/miroverd.com\/instalacion-cesped-artificial-badia-del-valles\/#breadcrumb\",\"itemListElement\":[{\"@type\":\"ListItem\",\"position\":1,\"name\":\"Portada\",\"item\":\"https:\/\/miroverd.com\/\"},{\"@type\":\"ListItem\",\"position\":2,\"name\":\"Instalaci\u00f3n c\u00e9sped artificial Badia del Vall\u00e8s\"}]},{\"@type\":\"WebSite\",\"@id\":\"https:\/\/miroverd.com\/#website\",\"url\":\"https:\/\/miroverd.com\/\",\"name\":\"MiroVerd\",\"description\":\"\",\"publisher\":{\"@id\":\"https:\/\/miroverd.com\/#organization\"},\"potentialAction\":[{\"@type\":\"SearchAction\",\"target\":{\"@type\":\"EntryPoint\",\"urlTemplate\":\"https:\/\/miroverd.com\/?s={search_term_string}\"},\"query-input\":{\"@type\":\"PropertyValueSpecification\",\"valueRequired\":true,\"valueName\":\"search_term_string\"}}],\"inLanguage\":\"ca\"},{\"@type\":\"Organization\",\"@id\":\"https:\/\/miroverd.com\/#organization\",\"name\":\"MiroVerd\",\"url\":\"https:\/\/miroverd.com\/\",\"logo\":{\"@type\":\"ImageObject\",\"inLanguage\":\"ca\",\"@id\":\"https:\/\/miroverd.com\/#\/schema\/logo\/image\/\",\"url\":\"https:\/\/miroverd.com\/wp-content\/uploads\/IMAGOTIPO_PNG-2.png\",\"contentUrl\":\"https:\/\/miroverd.com\/wp-content\/uploads\/IMAGOTIPO_PNG-2.png\",\"width\":352,\"height\":225,\"caption\":\"MiroVerd\"},\"image\":{\"@id\":\"https:\/\/miroverd.com\/#\/schema\/logo\/image\/\"}}]}<\/script>\n<!-- \/ Yoast SEO plugin. -->","yoast_head_json":{"title":"Instalaci\u00f3n c\u00e9sped artificial Badia del Vall\u00e8s - MiroVerd","description":"Transforma tu jard\u00edn con la instalaci\u00f3n de c\u00e9sped artificial en Badia del Vall\u00e8s. Disfruta de un espacio verde y perfecto todo el a\u00f1o.","robots":{"index":"index","follow":"follow","max-snippet":"max-snippet:-1","max-image-preview":"max-image-preview:large","max-video-preview":"max-video-preview:-1"},"canonical":"https:\/\/miroverd.com\/ca\/instalacion-cesped-artificial-badia-del-valles\/","og_locale":"ca_ES","og_type":"article","og_title":"Instalaci\u00f3n c\u00e9sped artificial Badia del Vall\u00e8s - MiroVerd","og_description":"Transforma tu jard\u00edn con la instalaci\u00f3n de c\u00e9sped artificial en Badia del Vall\u00e8s. Disfruta de un espacio verde y perfecto todo el a\u00f1o.","og_url":"https:\/\/miroverd.com\/ca\/instalacion-cesped-artificial-badia-del-valles\/","og_site_name":"MiroVerd","article_modified_time":"2025-04-09T09:12:26+00:00","twitter_card":"summary_large_image","twitter_misc":{"Temps estimat de lectura":"2 minuts"},"schema":{"@context":"https:\/\/schema.org","@graph":[{"@type":"WebPage","@id":"https:\/\/miroverd.com\/instalacion-cesped-artificial-badia-del-valles\/","url":"https:\/\/miroverd.com\/instalacion-cesped-artificial-badia-del-valles\/","name":"Instalaci\u00f3n c\u00e9sped artificial Badia del Vall\u00e8s - MiroVerd","isPartOf":{"@id":"https:\/\/miroverd.com\/#website"},"datePublished":"2025-03-06T11:05:44+00:00","dateModified":"2025-04-09T09:12:26+00:00","description":"Transforma tu jard\u00edn con la instalaci\u00f3n de c\u00e9sped artificial en Badia del Vall\u00e8s. Disfruta de un espacio verde y perfecto todo el a\u00f1o.","breadcrumb":{"@id":"https:\/\/miroverd.com\/instalacion-cesped-artificial-badia-del-valles\/#breadcrumb"},"inLanguage":"ca","potentialAction":[{"@type":"ReadAction","target":["https:\/\/miroverd.com\/instalacion-cesped-artificial-badia-del-valles\/"]}]},{"@type":"BreadcrumbList","@id":"https:\/\/miroverd.com\/instalacion-cesped-artificial-badia-del-valles\/#breadcrumb","itemListElement":[{"@type":"ListItem","position":1,"name":"Portada","item":"https:\/\/miroverd.com\/"},{"@type":"ListItem","position":2,"name":"Instalaci\u00f3n c\u00e9sped artificial Badia del Vall\u00e8s"}]},{"@type":"WebSite","@id":"https:\/\/miroverd.com\/#website","url":"https:\/\/miroverd.com\/","name":"MiroVerd","description":"","publisher":{"@id":"https:\/\/miroverd.com\/#organization"},"potentialAction":[{"@type":"SearchAction","target":{"@type":"EntryPoint","urlTemplate":"https:\/\/miroverd.com\/?s={search_term_string}"},"query-input":{"@type":"PropertyValueSpecification","valueRequired":true,"valueName":"search_term_string"}}],"inLanguage":"ca"},{"@type":"Organization","@id":"https:\/\/miroverd.com\/#organization","name":"MiroVerd","url":"https:\/\/miroverd.com\/","logo":{"@type":"ImageObject","inLanguage":"ca","@id":"https:\/\/miroverd.com\/#\/schema\/logo\/image\/","url":"https:\/\/miroverd.com\/wp-content\/uploads\/IMAGOTIPO_PNG-2.png","contentUrl":"https:\/\/miroverd.com\/wp-content\/uploads\/IMAGOTIPO_PNG-2.png","width":352,"height":225,"caption":"MiroVerd"},"image":{"@id":"https:\/\/miroverd.com\/#\/schema\/logo\/image\/"}}]}},"_links":{"self":[{"href":"https:\/\/miroverd.com\/ca\/wp-json\/wp\/v2\/pages\/2070","targetHints":{"allow":["GET"]}}],"collection":[{"href":"https:\/\/miroverd.com\/ca\/wp-json\/wp\/v2\/pages"}],"about":[{"href":"https:\/\/miroverd.com\/ca\/wp-json\/wp\/v2\/types\/page"}],"author":[{"embeddable":true,"href":"https:\/\/miroverd.com\/ca\/wp-json\/wp\/v2\/users\/2"}],"replies":[{"embeddable":true,"href":"https:\/\/miroverd.com\/ca\/wp-json\/wp\/v2\/comments?post=2070"}],"version-history":[{"count":10,"href":"https:\/\/miroverd.com\/ca\/wp-json\/wp\/v2\/pages\/2070\/revisions"}],"predecessor-version":[{"id":2662,"href":"https:\/\/miroverd.com\/ca\/wp-json\/wp\/v2\/pages\/2070\/revisions\/2662"}],"wp:attachment":[{"href":"https:\/\/miroverd.com\/ca\/wp-json\/wp\/v2\/media?parent=2070"}],"curies":[{"name":"wp","href":"https:\/\/api.w.org\/{rel}","templated":true}]}}