{"id":1963,"date":"2025-01-20T09:38:50","date_gmt":"2025-01-20T08:38:50","guid":{"rendered":"https:\/\/miroverd.com\/?page_id=1963"},"modified":"2025-04-09T11:27:52","modified_gmt":"2025-04-09T09:27:52","slug":"instalar-cesped-artificial-granollers","status":"publish","type":"page","link":"https:\/\/miroverd.com\/ca\/instalar-cesped-artificial-granollers\/","title":{"rendered":"Instalar c\u00e9sped artificial Granollers"},"content":{"rendered":"<div data-elementor-type=\"wp-page\" data-elementor-id=\"1963\" class=\"elementor elementor-1963\" data-elementor-post-type=\"page\">\n\t\t\t\t\t\t<section class=\"elementor-section elementor-top-section elementor-element elementor-element-659ec96a elementor-section-height-min-height elementor-section-boxed elementor-section-height-default elementor-section-items-middle\" data-id=\"659ec96a\" data-element_type=\"section\" data-settings=\"{&quot;background_background&quot;:&quot;classic&quot;}\">\n\t\t\t\t\t\t\t<div class=\"elementor-background-overlay\"><\/div>\n\t\t\t\t\t\t\t<div class=\"elementor-container elementor-column-gap-default\">\n\t\t\t\t\t<div class=\"elementor-column elementor-col-100 elementor-top-column elementor-element elementor-element-61da014c\" data-id=\"61da014c\" data-element_type=\"column\">\n\t\t\t<div class=\"elementor-widget-wrap elementor-element-populated\">\n\t\t\t\t\t\t\t<\/div>\n\t\t<\/div>\n\t\t\t\t\t<\/div>\n\t\t<\/section>\n\t\t\t\t<section class=\"elementor-section elementor-top-section elementor-element elementor-element-5ee46887 elementor-section-boxed elementor-section-height-default elementor-section-height-default\" data-id=\"5ee46887\" data-element_type=\"section\" data-settings=\"{&quot;background_background&quot;:&quot;classic&quot;}\">\n\t\t\t\t\t\t<div class=\"elementor-container elementor-column-gap-default\">\n\t\t\t\t\t<div class=\"elementor-column elementor-col-50 elementor-top-column elementor-element elementor-element-3bf86df0\" data-id=\"3bf86df0\" data-element_type=\"column\">\n\t\t\t<div class=\"elementor-widget-wrap elementor-element-populated\">\n\t\t\t\t\t\t<section class=\"elementor-section elementor-inner-section elementor-element elementor-element-37a646f9 elementor-section-boxed elementor-section-height-default elementor-section-height-default\" data-id=\"37a646f9\" data-element_type=\"section\">\n\t\t\t\t\t\t<div class=\"elementor-container elementor-column-gap-default\">\n\t\t\t\t\t<div class=\"elementor-column elementor-col-100 elementor-inner-column elementor-element elementor-element-74b7834\" data-id=\"74b7834\" data-element_type=\"column\">\n\t\t\t<div class=\"elementor-widget-wrap\">\n\t\t\t\t\t\t\t<\/div>\n\t\t<\/div>\n\t\t\t\t\t<\/div>\n\t\t<\/section>\n\t\t\t\t<div class=\"elementor-element elementor-element-57b49f1e elementor-widget elementor-widget-text-editor\" data-id=\"57b49f1e\" data-element_type=\"widget\" data-widget_type=\"text-editor.default\">\n\t\t\t\t<div class=\"elementor-widget-container\">\n\t\t\t\t\t\t\t\t\t<h4><b>Instalar c\u00e9sped artificial Granollers: la mejor soluci\u00f3n para tu espacio exterior<\/b><\/h4><p><span style=\"font-weight: 400;\">Si deseas renovar tu jard\u00edn, terraza o cualquier espacio exterior, <\/span><b>instalar c\u00e9sped artificial <\/b><span style=\"font-weight: 400;\">a <\/span><b>Granollers<\/b><span style=\"font-weight: 400;\"> es una opci\u00f3n pr\u00e1ctica, est\u00e9tica y funcional. En MiroVerd, somos especialistas en ofrecer soluciones personalizadas para que disfrutes de un entorno verde durante todo el a\u00f1o, sin preocupaciones por el mantenimiento. Ya sea para un espacio residencial, comercial o comunitario, el c\u00e9sped artificial te permite disfrutar de una superficie siempre verde y en perfectas condiciones sin los inconvenientes del mantenimiento tradicional.<\/span><\/p><p><span style=\"font-weight: 400;\">En MiroVerd, contamos con a\u00f1os de experiencia en la instalaci\u00f3n de c\u00e9sped artificial de alta calidad, adaptado a todo tipo de necesidades y entornos. Sabemos que cada proyecto es \u00fanico, por lo que ofrecemos soluciones personalizadas que se ajustan a las caracter\u00edsticas de tu espacio, garantizando un resultado impecable que transformar\u00e1 por completo su apariencia y funcionalidad.<\/span><\/p><h4><b>Profesionales en instalar c\u00e9sped artificial Granollers<\/b><\/h4><p><span style=\"font-weight: 400;\">Nuestra amplia experiencia en <\/span><b>instalar c\u00e9sped artificial<\/b><span style=\"font-weight: 400;\"> a <\/span><b>Granollers<\/b><span style=\"font-weight: 400;\"> nos permite transformar espacios exteriores en lugares atractivos y funcionales, tanto en hogares como en negocios. Ofrecemos soluciones personalizadas que se ajustan a cada necesidad, ya sea para un peque\u00f1o patio o una gran superficie comercial. Nos enfocamos en utilizar materiales de alta calidad que aseguran un c\u00e9sped artificial duradero, est\u00e9tico y de f\u00e1cil mantenimiento, brindando as\u00ed un espacio verde perfecto durante todo el a\u00f1o.<\/span><\/p><h4><b>Beneficios de instalar c\u00e9sped artificial en Granollers con MiroVerd<\/b><\/h4><p><span style=\"font-weight: 400;\">Elegir MiroVerd para <\/span><b>instalar c\u00e9sped artificial <\/b><span style=\"font-weight: 400;\">a <\/span><b>Granollers<\/b><span style=\"font-weight: 400;\"> te permite disfrutar de un c\u00e9sped siempre perfecto, sin la necesidad de riego, corte o fertilizaci\u00f3n. Nuestro c\u00e9sped artificial ofrece un aspecto natural con la tecnolog\u00eda m\u00e1s avanzada, asegurando resistencia y confort en cualquier estaci\u00f3n del a\u00f1o. En MiroVerd ofrecemos:<\/span><\/p><ul><li style=\"font-weight: 400;\" aria-level=\"1\"><b>Materiales de \u00faltima generaci\u00f3n:<\/b><span style=\"font-weight: 400;\"> C\u00e9sped de alta calidad, resistente al desgaste y a las inclemencias del tiempo.<\/span><\/li><li style=\"font-weight: 400;\" aria-level=\"1\"><b>Dise\u00f1os personalizados:<\/b><span style=\"font-weight: 400;\"> Diferentes texturas y tonalidades para adaptarse a tus preferencias y necesidades.<\/span><\/li><li style=\"font-weight: 400;\" aria-level=\"1\"><b>Instalaci\u00f3n profesional:<\/b><span style=\"font-weight: 400;\"> Un equipo experto que garantiza acabados impecables y tiempos de entrega \u00f3ptimos.<\/span><\/li><\/ul><p><span style=\"font-weight: 400;\">Nos encargamos de todo el proceso, desde el asesoramiento inicial hasta la instalaci\u00f3n final, asegurando un servicio sin complicaciones para que disfrutes de tu nuevo espacio verde desde el primer d\u00eda.<\/span><\/p><h4><b>Transforma tu entorno con la instalaci\u00f3n de c\u00e9sped artificial en Granollers<\/b><\/h4><p><span style=\"font-weight: 400;\">En MiroVerd no solo nos dedicamos a <\/span><b>instalar c\u00e9sped artificial <\/b><span style=\"font-weight: 400;\">a <\/span><b>Granollers<\/b><span style=\"font-weight: 400;\">, sino que tambi\u00e9n ofrecemos soluciones integrales para mejorar tu espacio exterior. Complementamos nuestros servicios con p\u00e9rgolas, zonas de descanso y energ\u00edas renovables, creando entornos sostenibles y funcionales adaptados a tus necesidades.<\/span><\/p><p><span style=\"font-weight: 400;\">Contacta con nosotros hoy mismo y descubre c\u00f3mo podemos ayudarte a transformar tu espacio con c\u00e9sped artificial de alta calidad, combinando est\u00e9tica, confort y sostenibilidad.<\/span><\/p>\t\t\t\t\t\t\t\t<\/div>\n\t\t\t\t<\/div>\n\t\t\t\t\t<\/div>\n\t\t<\/div>\n\t\t\t\t<div class=\"elementor-column elementor-col-50 elementor-top-column elementor-element elementor-element-2fc7ebf1\" data-id=\"2fc7ebf1\" data-element_type=\"column\" data-settings=\"{&quot;background_background&quot;:&quot;classic&quot;}\">\n\t\t\t<div class=\"elementor-widget-wrap elementor-element-populated\">\n\t\t\t\t\t\t<section class=\"elementor-section elementor-inner-section elementor-element elementor-element-5128fa09 elementor-section-boxed elementor-section-height-default elementor-section-height-default\" data-id=\"5128fa09\" data-element_type=\"section\" data-settings=\"{&quot;background_background&quot;:&quot;classic&quot;}\">\n\t\t\t\t\t\t<div class=\"elementor-container elementor-column-gap-default\">\n\t\t\t\t\t<div class=\"elementor-column elementor-col-100 elementor-inner-column elementor-element elementor-element-56c15917\" data-id=\"56c15917\" data-element_type=\"column\">\n\t\t\t<div class=\"elementor-widget-wrap elementor-element-populated\">\n\t\t\t\t\t\t<div class=\"elementor-element elementor-element-ba0d00b elementor-widget elementor-widget-heading\" data-id=\"ba0d00b\" data-element_type=\"widget\" data-widget_type=\"heading.default\">\n\t\t\t\t<div class=\"elementor-widget-container\">\n\t\t\t\t\t<h3 class=\"elementor-heading-title elementor-size-default\">Cont\u00e1ctanos sin compromiso<\/h3>\t\t\t\t<\/div>\n\t\t\t\t<\/div>\n\t\t\t\t\t<\/div>\n\t\t<\/div>\n\t\t\t\t\t<\/div>\n\t\t<\/section>\n\t\t\t\t<div class=\"elementor-element elementor-element-0fd429e elementor-widget elementor-widget-shortcode\" data-id=\"0fd429e\" data-element_type=\"widget\" data-widget_type=\"shortcode.default\">\n\t\t\t\t<div class=\"elementor-widget-container\">\n\t\t\t\t\t\t\t<div class=\"elementor-shortcode\">\n<div class=\"wpcf7 no-js\" id=\"wpcf7-f1534-o1\" lang=\"es-ES\" dir=\"ltr\" data-wpcf7-id=\"1534\">\n<div class=\"screen-reader-response\"><p role=\"status\" aria-live=\"polite\" aria-atomic=\"true\"><\/p> <ul><\/ul><\/div>\n<form action=\"\/ca\/wp-json\/wp\/v2\/pages\/1963#wpcf7-f1534-o1\" method=\"post\" class=\"wpcf7-form init\" aria-label=\"Formulario de contacto\" novalidate=\"novalidate\" data-status=\"init\" data-trp-original-action=\"\/ca\/wp-json\/wp\/v2\/pages\/1963#wpcf7-f1534-o1\">\n<fieldset class=\"hidden-fields-container\"><input type=\"hidden\" name=\"_wpcf7\" value=\"1534\" \/><input type=\"hidden\" name=\"_wpcf7_version\" value=\"6.1.4\" \/><input type=\"hidden\" name=\"_wpcf7_locale\" value=\"es_ES\" \/><input type=\"hidden\" name=\"_wpcf7_unit_tag\" value=\"wpcf7-f1534-o1\" \/><input type=\"hidden\" name=\"_wpcf7_container_post\" value=\"0\" \/><input type=\"hidden\" name=\"_wpcf7_posted_data_hash\" value=\"\" \/><input type=\"hidden\" name=\"_wpcf7_recaptcha_response\" value=\"\" \/>\n<\/fieldset>\n<div id=\"responsive-form\" class=\"clearfix\">\n\t<div class=\"form-row\">\n\t\t<div class=\"column-half\">\n\t\t\t<p>Nom <span class=\"wpcf7-form-control-wrap\" data-name=\"your-name\"><input size=\"40\" maxlength=\"400\" class=\"wpcf7-form-control wpcf7-text wpcf7-validates-as-required\" aria-required=\"true\" aria-invalid=\"false\" placeholder=\"Nom\" value=\"\" type=\"text\" name=\"your-name\" \/><\/span>\n\t\t\t<\/p>\n\t\t<\/div>\n\t\t<div class=\"column-half\">\n\t\t\t<p>Cognoms <span class=\"wpcf7-form-control-wrap\" data-name=\"last-name\"><input size=\"40\" maxlength=\"400\" class=\"wpcf7-form-control wpcf7-text wpcf7-validates-as-required\" aria-required=\"true\" aria-invalid=\"false\" placeholder=\"Cognoms\" value=\"\" type=\"text\" name=\"last-name\" \/><\/span>\n\t\t\t<\/p>\n\t\t<\/div>\n\t<\/div>\n\t<div class=\"form-row\">\n\t\t<div class=\"column-half\">\n\t\t\t<p>Email <span class=\"wpcf7-form-control-wrap\" data-name=\"your-email\"><input size=\"40\" maxlength=\"400\" class=\"wpcf7-form-control wpcf7-email wpcf7-validates-as-required wpcf7-text wpcf7-validates-as-email\" aria-required=\"true\" aria-invalid=\"false\" placeholder=\"Email\" value=\"\" type=\"email\" name=\"your-email\" \/><\/span>\n\t\t\t<\/p>\n\t\t<\/div>\n\t\t<div class=\"column-half\">\n\t\t\t<p>Tel\u00e8fon <span class=\"wpcf7-form-control-wrap\" data-name=\"your-phone\"><input size=\"40\" maxlength=\"400\" class=\"wpcf7-form-control wpcf7-tel wpcf7-validates-as-required wpcf7-text wpcf7-validates-as-tel\" aria-required=\"true\" aria-invalid=\"false\" placeholder=\"Tel\u00e8fon\" value=\"\" type=\"tel\" name=\"your-phone\" \/><\/span>\n\t\t\t<\/p>\n\t\t<\/div>\n\t<\/div>\n\t<div class=\"form-row\">\n\t\t<div class=\"column-full\">\n\t\t\t<p>Poblaci\u00f3n<span class=\"wpcf7-form-control-wrap\" data-name=\"your-city\"><input size=\"40\" maxlength=\"400\" class=\"wpcf7-form-control wpcf7-text wpcf7-validates-as-required\" aria-required=\"true\" aria-invalid=\"false\" placeholder=\"Indique aqu\u00ed su poblaci\u00f3n\" value=\"\" type=\"text\" name=\"your-city\" \/><\/span>\n\t\t\t<\/p>\n\t\t<\/div>\n\t<\/div>\n\t<div class=\"form-row\">\n\t\t<div class=\"column-full\">\n\t\t\t<p>Categoria<br \/>\n<span class=\"wpcf7-form-control-wrap\" data-name=\"radio-506\"><span class=\"wpcf7-form-control wpcf7-radio\"><span class=\"wpcf7-list-item first\"><label><input type=\"radio\" name=\"radio-506\" value=\"C\u00e9sped natural\" \/><span class=\"wpcf7-list-item-label\">Gespa natural<\/span><\/label><\/span><span class=\"wpcf7-list-item\"><label><input type=\"radio\" name=\"radio-506\" value=\"Piscinas\" \/><span class=\"wpcf7-list-item-label\">Piscines<\/span><\/label><\/span><span class=\"wpcf7-list-item\"><label><input type=\"radio\" name=\"radio-506\" value=\"P\u00e9rgolas\" \/><span class=\"wpcf7-list-item-label\">P\u00e8rgoles<\/span><\/label><\/span><span class=\"wpcf7-list-item\"><label><input type=\"radio\" name=\"radio-506\" value=\"Placas Solares\" \/><span class=\"wpcf7-list-item-label\">Plaques Solars<\/span><\/label><\/span><span class=\"wpcf7-list-item last\"><label><input type=\"radio\" name=\"radio-506\" value=\"Otro\" checked=\"checked\" \/><span class=\"wpcf7-list-item-label\">Un altre<\/span><\/label><\/span><\/span><\/span>\n\t\t\t<\/p>\n\t\t<\/div>\n\t<\/div>\n\t<div class=\"form-row\">\n\t\t<div class=\"column-full\">\n\t\t\t<p>Producte interessat <span class=\"wpcf7-form-control-wrap\" data-name=\"your-interest\"><textarea cols=\"40\" rows=\"1\" maxlength=\"2000\" class=\"wpcf7-form-control wpcf7-textarea\" aria-invalid=\"false\" placeholder=\"Indiqueu el producte\/s en els quals voleu un pressupost orientatiu\" name=\"your-interest\"><\/textarea><\/span>\n\t\t\t<\/p>\n\t\t<\/div>\n\t<\/div>\n\t<div class=\"form-row\">\n\t\t<div class=\"column-full\">\n\t\t\t<p>Quantitat de m\u00b2 o mides del producte desitjat <span class=\"wpcf7-form-control-wrap\" data-name=\"your-quantity\"><textarea cols=\"40\" rows=\"1\" maxlength=\"2000\" class=\"wpcf7-form-control wpcf7-textarea\" aria-invalid=\"false\" placeholder=\"Quantitat\" name=\"your-quantity\"><\/textarea><\/span>\n\t\t\t<\/p>\n\t\t<\/div>\n\t<\/div>\n\t<div class=\"form-row\">\n\t\t<div class=\"column-full\">\n\t\t\t<p>Terreny actual<br \/>\n<span class=\"wpcf7-form-control-wrap\" data-name=\"radio-508\"><span class=\"wpcf7-form-control wpcf7-radio\"><span class=\"wpcf7-list-item first\"><label><input type=\"radio\" name=\"radio-508\" value=\"C\u00e9sped natural\" \/><span class=\"wpcf7-list-item-label\">Gespa natural<\/span><\/label><\/span><span class=\"wpcf7-list-item\"><label><input type=\"radio\" name=\"radio-508\" value=\"Pavimento\" \/><span class=\"wpcf7-list-item-label\">Paviment<\/span><\/label><\/span><span class=\"wpcf7-list-item\"><label><input type=\"radio\" name=\"radio-508\" value=\"Tierra\" \/><span class=\"wpcf7-list-item-label\">Terra<\/span><\/label><\/span><span class=\"wpcf7-list-item last\"><label><input type=\"radio\" name=\"radio-508\" value=\"Otro\" checked=\"checked\" \/><span class=\"wpcf7-list-item-label\">Un altre<\/span><\/label><\/span><\/span><\/span>\n\t\t\t<\/p>\n\t\t<\/div>\n\t<\/div>\n\t<div class=\"form-row\">\n\t\t<div class=\"column-full\">\n\t\t\t<p>Observacions <span class=\"wpcf7-form-control-wrap\" data-name=\"your-message\"><textarea cols=\"40\" rows=\"2\" maxlength=\"2000\" class=\"wpcf7-form-control wpcf7-textarea\" aria-invalid=\"false\" placeholder=\"Indiqueu aqu\u00ed si teniu alguna observaci\u00f3:\" name=\"your-message\"><\/textarea><\/span>\n\t\t\t<\/p>\n\t\t<\/div>\n\t<\/div>\n\t<p><span class=\"wpcf7-form-control-wrap\" data-name=\"acceptance-947\"><span class=\"wpcf7-form-control wpcf7-acceptance\"><span class=\"wpcf7-list-item\"><label><input type=\"checkbox\" name=\"acceptance-947\" value=\"1\" aria-invalid=\"false\" \/><span class=\"wpcf7-list-item-label\">Acepto la pol\u00edtica de privacidad y el env\u00edo de informaci\u00f3n<\/span><\/label><\/span><\/span><\/span>\n\t<\/p>\n\t<div class=\"form-row\">\n\t\t<div class=\"column-full\">\n\t\t\t<p><input class=\"wpcf7-form-control wpcf7-submit has-spinner\" type=\"submit\" value=\"Enviar\" \/>\n\t\t\t<\/p>\n\t\t<\/div>\n\t<\/div>\n<\/div><!--end responsive-form--><div class=\"wpcf7-response-output\" aria-hidden=\"true\"><\/div>\n<input type=\"hidden\" name=\"trp-form-language\" value=\"ca\"\/><\/form>\n<\/div>\n<\/div>\n\t\t\t\t\t\t<\/div>\n\t\t\t\t<\/div>\n\t\t\t\t\t<\/div>\n\t\t<\/div>\n\t\t\t\t\t<\/div>\n\t\t<\/section>\n\t\t\t\t<\/div>","protected":false},"excerpt":{"rendered":"<p>Instalar c\u00e9sped artificial Granollers: la mejor soluci\u00f3n para tu espacio exterior Si deseas renovar tu jard\u00edn, terraza o cualquier espacio exterior, instalar c\u00e9sped artificial en Granollers es una opci\u00f3n pr\u00e1ctica, est\u00e9tica y funcional. En MiroVerd, somos especialistas en ofrecer soluciones personalizadas para que disfrutes de un entorno verde durante todo el a\u00f1o, sin preocupaciones por [&hellip;]<\/p>","protected":false},"author":2,"featured_media":0,"parent":0,"menu_order":11,"comment_status":"closed","ping_status":"closed","template":"","meta":{"footnotes":""},"class_list":["post-1963","page","type-page","status-publish","hentry"],"yoast_head":"<!-- This site is optimized with the Yoast SEO plugin v26.7 - https:\/\/yoast.com\/wordpress\/plugins\/seo\/ -->\n<title>Instalar c\u00e9sped artificial Granollers - MiroVerd<\/title>\n<meta name=\"robots\" content=\"index, follow, max-snippet:-1, max-image-preview:large, max-video-preview:-1\" \/>\n<link rel=\"canonical\" href=\"https:\/\/miroverd.com\/ca\/instalar-cesped-artificial-granollers\/\" \/>\n<meta property=\"og:locale\" content=\"ca_ES\" \/>\n<meta property=\"og:type\" content=\"article\" \/>\n<meta property=\"og:title\" content=\"Instalar c\u00e9sped artificial Granollers - MiroVerd\" \/>\n<meta property=\"og:description\" content=\"Instalar c\u00e9sped artificial Granollers: la mejor soluci\u00f3n para tu espacio exterior Si deseas renovar tu jard\u00edn, terraza o cualquier espacio exterior, instalar c\u00e9sped artificial en Granollers es una opci\u00f3n pr\u00e1ctica, est\u00e9tica y funcional. En MiroVerd, somos especialistas en ofrecer soluciones personalizadas para que disfrutes de un entorno verde durante todo el a\u00f1o, sin preocupaciones por [&hellip;]\" \/>\n<meta property=\"og:url\" content=\"https:\/\/miroverd.com\/ca\/instalar-cesped-artificial-granollers\/\" \/>\n<meta property=\"og:site_name\" content=\"MiroVerd\" \/>\n<meta property=\"article:modified_time\" content=\"2025-04-09T09:27:52+00:00\" \/>\n<meta name=\"twitter:card\" content=\"summary_large_image\" \/>\n<meta name=\"twitter:label1\" content=\"Temps estimat de lectura\" \/>\n\t<meta name=\"twitter:data1\" content=\"3 minuts\" \/>\n<script type=\"application\/ld+json\" class=\"yoast-schema-graph\">{\"@context\":\"https:\/\/schema.org\",\"@graph\":[{\"@type\":\"WebPage\",\"@id\":\"https:\/\/miroverd.com\/instalar-cesped-artificial-granollers\/\",\"url\":\"https:\/\/miroverd.com\/instalar-cesped-artificial-granollers\/\",\"name\":\"Instalar c\u00e9sped artificial Granollers - MiroVerd\",\"isPartOf\":{\"@id\":\"https:\/\/miroverd.com\/#website\"},\"datePublished\":\"2025-01-20T08:38:50+00:00\",\"dateModified\":\"2025-04-09T09:27:52+00:00\",\"breadcrumb\":{\"@id\":\"https:\/\/miroverd.com\/instalar-cesped-artificial-granollers\/#breadcrumb\"},\"inLanguage\":\"ca\",\"potentialAction\":[{\"@type\":\"ReadAction\",\"target\":[\"https:\/\/miroverd.com\/instalar-cesped-artificial-granollers\/\"]}]},{\"@type\":\"BreadcrumbList\",\"@id\":\"https:\/\/miroverd.com\/instalar-cesped-artificial-granollers\/#breadcrumb\",\"itemListElement\":[{\"@type\":\"ListItem\",\"position\":1,\"name\":\"Portada\",\"item\":\"https:\/\/miroverd.com\/\"},{\"@type\":\"ListItem\",\"position\":2,\"name\":\"Instalar c\u00e9sped artificial Granollers\"}]},{\"@type\":\"WebSite\",\"@id\":\"https:\/\/miroverd.com\/#website\",\"url\":\"https:\/\/miroverd.com\/\",\"name\":\"MiroVerd\",\"description\":\"\",\"publisher\":{\"@id\":\"https:\/\/miroverd.com\/#organization\"},\"potentialAction\":[{\"@type\":\"SearchAction\",\"target\":{\"@type\":\"EntryPoint\",\"urlTemplate\":\"https:\/\/miroverd.com\/?s={search_term_string}\"},\"query-input\":{\"@type\":\"PropertyValueSpecification\",\"valueRequired\":true,\"valueName\":\"search_term_string\"}}],\"inLanguage\":\"ca\"},{\"@type\":\"Organization\",\"@id\":\"https:\/\/miroverd.com\/#organization\",\"name\":\"MiroVerd\",\"url\":\"https:\/\/miroverd.com\/\",\"logo\":{\"@type\":\"ImageObject\",\"inLanguage\":\"ca\",\"@id\":\"https:\/\/miroverd.com\/#\/schema\/logo\/image\/\",\"url\":\"https:\/\/miroverd.com\/wp-content\/uploads\/IMAGOTIPO_PNG-2.png\",\"contentUrl\":\"https:\/\/miroverd.com\/wp-content\/uploads\/IMAGOTIPO_PNG-2.png\",\"width\":352,\"height\":225,\"caption\":\"MiroVerd\"},\"image\":{\"@id\":\"https:\/\/miroverd.com\/#\/schema\/logo\/image\/\"}}]}<\/script>\n<!-- \/ Yoast SEO plugin. -->","yoast_head_json":{"title":"Instalar c\u00e9sped artificial Granollers - MiroVerd","robots":{"index":"index","follow":"follow","max-snippet":"max-snippet:-1","max-image-preview":"max-image-preview:large","max-video-preview":"max-video-preview:-1"},"canonical":"https:\/\/miroverd.com\/ca\/instalar-cesped-artificial-granollers\/","og_locale":"ca_ES","og_type":"article","og_title":"Instalar c\u00e9sped artificial Granollers - MiroVerd","og_description":"Instalar c\u00e9sped artificial Granollers: la mejor soluci\u00f3n para tu espacio exterior Si deseas renovar tu jard\u00edn, terraza o cualquier espacio exterior, instalar c\u00e9sped artificial en Granollers es una opci\u00f3n pr\u00e1ctica, est\u00e9tica y funcional. En MiroVerd, somos especialistas en ofrecer soluciones personalizadas para que disfrutes de un entorno verde durante todo el a\u00f1o, sin preocupaciones por [&hellip;]","og_url":"https:\/\/miroverd.com\/ca\/instalar-cesped-artificial-granollers\/","og_site_name":"MiroVerd","article_modified_time":"2025-04-09T09:27:52+00:00","twitter_card":"summary_large_image","twitter_misc":{"Temps estimat de lectura":"3 minuts"},"schema":{"@context":"https:\/\/schema.org","@graph":[{"@type":"WebPage","@id":"https:\/\/miroverd.com\/instalar-cesped-artificial-granollers\/","url":"https:\/\/miroverd.com\/instalar-cesped-artificial-granollers\/","name":"Instalar c\u00e9sped artificial Granollers - MiroVerd","isPartOf":{"@id":"https:\/\/miroverd.com\/#website"},"datePublished":"2025-01-20T08:38:50+00:00","dateModified":"2025-04-09T09:27:52+00:00","breadcrumb":{"@id":"https:\/\/miroverd.com\/instalar-cesped-artificial-granollers\/#breadcrumb"},"inLanguage":"ca","potentialAction":[{"@type":"ReadAction","target":["https:\/\/miroverd.com\/instalar-cesped-artificial-granollers\/"]}]},{"@type":"BreadcrumbList","@id":"https:\/\/miroverd.com\/instalar-cesped-artificial-granollers\/#breadcrumb","itemListElement":[{"@type":"ListItem","position":1,"name":"Portada","item":"https:\/\/miroverd.com\/"},{"@type":"ListItem","position":2,"name":"Instalar c\u00e9sped artificial Granollers"}]},{"@type":"WebSite","@id":"https:\/\/miroverd.com\/#website","url":"https:\/\/miroverd.com\/","name":"MiroVerd","description":"","publisher":{"@id":"https:\/\/miroverd.com\/#organization"},"potentialAction":[{"@type":"SearchAction","target":{"@type":"EntryPoint","urlTemplate":"https:\/\/miroverd.com\/?s={search_term_string}"},"query-input":{"@type":"PropertyValueSpecification","valueRequired":true,"valueName":"search_term_string"}}],"inLanguage":"ca"},{"@type":"Organization","@id":"https:\/\/miroverd.com\/#organization","name":"MiroVerd","url":"https:\/\/miroverd.com\/","logo":{"@type":"ImageObject","inLanguage":"ca","@id":"https:\/\/miroverd.com\/#\/schema\/logo\/image\/","url":"https:\/\/miroverd.com\/wp-content\/uploads\/IMAGOTIPO_PNG-2.png","contentUrl":"https:\/\/miroverd.com\/wp-content\/uploads\/IMAGOTIPO_PNG-2.png","width":352,"height":225,"caption":"MiroVerd"},"image":{"@id":"https:\/\/miroverd.com\/#\/schema\/logo\/image\/"}}]}},"_links":{"self":[{"href":"https:\/\/miroverd.com\/ca\/wp-json\/wp\/v2\/pages\/1963","targetHints":{"allow":["GET"]}}],"collection":[{"href":"https:\/\/miroverd.com\/ca\/wp-json\/wp\/v2\/pages"}],"about":[{"href":"https:\/\/miroverd.com\/ca\/wp-json\/wp\/v2\/types\/page"}],"author":[{"embeddable":true,"href":"https:\/\/miroverd.com\/ca\/wp-json\/wp\/v2\/users\/2"}],"replies":[{"embeddable":true,"href":"https:\/\/miroverd.com\/ca\/wp-json\/wp\/v2\/comments?post=1963"}],"version-history":[{"count":7,"href":"https:\/\/miroverd.com\/ca\/wp-json\/wp\/v2\/pages\/1963\/revisions"}],"predecessor-version":[{"id":2686,"href":"https:\/\/miroverd.com\/ca\/wp-json\/wp\/v2\/pages\/1963\/revisions\/2686"}],"wp:attachment":[{"href":"https:\/\/miroverd.com\/ca\/wp-json\/wp\/v2\/media?parent=1963"}],"curies":[{"name":"wp","href":"https:\/\/api.w.org\/{rel}","templated":true}]}}