{"id":1475,"date":"2024-05-02T10:44:48","date_gmt":"2024-05-02T08:44:48","guid":{"rendered":"https:\/\/miroverd.com\/?page_id=1475"},"modified":"2025-04-09T11:56:34","modified_gmt":"2025-04-09T09:56:34","slug":"diseno-cesped-artificial-barcelona","status":"publish","type":"page","link":"https:\/\/miroverd.com\/ca\/diseno-cesped-artificial-barcelona\/","title":{"rendered":"Dise\u00f1o c\u00e9sped artificial Barcelona"},"content":{"rendered":"<div data-elementor-type=\"wp-page\" data-elementor-id=\"1475\" class=\"elementor elementor-1475\" data-elementor-post-type=\"page\">\n\t\t\t\t\t\t<section class=\"elementor-section elementor-top-section elementor-element elementor-element-659ec96a elementor-section-height-min-height elementor-section-boxed elementor-section-height-default elementor-section-items-middle\" data-id=\"659ec96a\" data-element_type=\"section\" data-settings=\"{&quot;background_background&quot;:&quot;classic&quot;}\">\n\t\t\t\t\t\t\t<div class=\"elementor-background-overlay\"><\/div>\n\t\t\t\t\t\t\t<div class=\"elementor-container elementor-column-gap-default\">\n\t\t\t\t\t<div class=\"elementor-column elementor-col-100 elementor-top-column elementor-element elementor-element-61da014c\" data-id=\"61da014c\" data-element_type=\"column\">\n\t\t\t<div class=\"elementor-widget-wrap elementor-element-populated\">\n\t\t\t\t\t\t\t<\/div>\n\t\t<\/div>\n\t\t\t\t\t<\/div>\n\t\t<\/section>\n\t\t\t\t<section class=\"elementor-section elementor-top-section elementor-element elementor-element-5ee46887 elementor-section-boxed elementor-section-height-default elementor-section-height-default\" data-id=\"5ee46887\" data-element_type=\"section\" data-settings=\"{&quot;background_background&quot;:&quot;classic&quot;}\">\n\t\t\t\t\t\t<div class=\"elementor-container elementor-column-gap-default\">\n\t\t\t\t\t<div class=\"elementor-column elementor-col-50 elementor-top-column elementor-element elementor-element-3bf86df0\" data-id=\"3bf86df0\" data-element_type=\"column\">\n\t\t\t<div class=\"elementor-widget-wrap elementor-element-populated\">\n\t\t\t\t\t\t<section class=\"elementor-section elementor-inner-section elementor-element elementor-element-37a646f9 elementor-section-boxed elementor-section-height-default elementor-section-height-default\" data-id=\"37a646f9\" data-element_type=\"section\">\n\t\t\t\t\t\t<div class=\"elementor-container elementor-column-gap-default\">\n\t\t\t\t\t<div class=\"elementor-column elementor-col-100 elementor-inner-column elementor-element elementor-element-74b7834\" data-id=\"74b7834\" data-element_type=\"column\">\n\t\t\t<div class=\"elementor-widget-wrap\">\n\t\t\t\t\t\t\t<\/div>\n\t\t<\/div>\n\t\t\t\t\t<\/div>\n\t\t<\/section>\n\t\t\t\t<div class=\"elementor-element elementor-element-57b49f1e elementor-widget elementor-widget-text-editor\" data-id=\"57b49f1e\" data-element_type=\"widget\" data-widget_type=\"text-editor.default\">\n\t\t\t\t<div class=\"elementor-widget-container\">\n\t\t\t\t\t\t\t\t\t<h2>Amplia gama de colores y dise\u00f1os de c\u00e9sped artificial a medida en Miroverd<\/h2><p><span data-contrast=\"none\">Descubre nuestra exclusiva colecci\u00f3n de c\u00e9sped artificial, dise\u00f1ada para convertir tus espacios exteriores en verdaderos oasis de belleza y confort. Nos dedicamos a la instalaci\u00f3n y al <\/span><b><span data-contrast=\"none\">dise\u00f1o de c\u00e9sped artificial <\/span><\/b><span data-contrast=\"none\">a <\/span><b><span data-contrast=\"none\">Barcelona<\/span><\/b><span data-contrast=\"none\">, para ofrecer una alternativa innovadora de calidad al c\u00e9sped natural, que presenta un bajo mantenimiento y que garantiza una gran durabilidad.<\/span><span data-ccp-props=\"{&quot;335551550&quot;:6,&quot;335551620&quot;:6}\">\u00a0<\/span><\/p><p><span data-contrast=\"none\">En MiroVerd seleccionamos cuidadosamente cada variedad, pensando en las necesidades, preferencias y particularidades de cada cliente y del espacio exterior del que dispone. De este modo, podemos elegir el mejor <\/span><b><span data-contrast=\"none\">dise\u00f1o de c\u00e9sped artificial en Barcelona <\/span><\/b><span data-contrast=\"none\">para cada proyecto de forma personalizada. Todas las opciones que encontrar\u00e1s en nuestro cat\u00e1logo te ofrecen una calidad excepcional, asegurando un producto que se mantendr\u00e1 en perfecto estado, conservando la textura y el color, a lo largo de muchos a\u00f1os.<\/span><span data-ccp-props=\"{&quot;335551550&quot;:6,&quot;335551620&quot;:6}\">\u00a0<\/span><\/p><h2><b><span data-contrast=\"none\">Especialistas en el dise\u00f1o de c\u00e9sped artificial en Barcelona<\/span><\/b><span data-ccp-props=\"{&quot;134233117&quot;:false,&quot;335551550&quot;:6,&quot;335551620&quot;:6,&quot;335557856&quot;:16777215,&quot;335559738&quot;:0}\">\u00a0<\/span><\/h2><p><span data-contrast=\"none\">Desde modelos de alta densidad, ideales para \u00e1reas de alto tr\u00e1fico, hasta opciones suaves y realistas perfectas para espacios m\u00e1s \u00edntimos, en MiroVerd ofrecemos una amplia gama de opciones. Olv\u00eddate de las preocupaciones asociadas al c\u00e9sped natural, ya que gracias al<\/span><b><span data-contrast=\"none\"> dise\u00f1o de un c\u00e9sped artificial en Barcelona<\/span><\/b><span data-contrast=\"none\"> de MiroVerd, tendr\u00e1s un espacio verde fresco y vibrante sin tener que preocuparte por nada. Nuestro c\u00e9sped artificial requiere un mantenimiento m\u00ednimo, asegurando un jard\u00edn siempre perfecto, para que puedas disfrutarlo durante todo el a\u00f1o.<\/span><span data-ccp-props=\"{&quot;134233117&quot;:false,&quot;134233118&quot;:false,&quot;201341983&quot;:0,&quot;335551550&quot;:6,&quot;335551620&quot;:6,&quot;335559685&quot;:0,&quot;335559737&quot;:0,&quot;335559738&quot;:0,&quot;335559739&quot;:160,&quot;335559740&quot;:259}\">\u00a0<\/span><\/p><h2><b><span data-contrast=\"none\">MiroVerd; expertos en el dise\u00f1o de exteriores con c\u00e9sped artificial en Barcelona<\/span><\/b><span data-ccp-props=\"{&quot;134233117&quot;:false,&quot;335551550&quot;:6,&quot;335551620&quot;:6,&quot;335557856&quot;:16777215,&quot;335559738&quot;:0}\">\u00a0<\/span><\/h2><p><span data-contrast=\"none\">En MiroVerd, no s\u00f3lo nos ocupamos del <\/span><b><span data-contrast=\"none\">dise\u00f1o con c\u00e9sped artificial en Barcelona<\/span><\/b><span data-contrast=\"none\">, tambi\u00e9n realizamos te asesoramos en todo momento y nos ocupamos de la instalaci\u00f3n. Nuestro equipo de expertos est\u00e1 comprometido en hacer que todo el proceso sea tan sencillo como disfrutar del c\u00e9sped en tus espacios exteriores.<\/span><span data-ccp-props=\"{&quot;134233117&quot;:false,&quot;134233118&quot;:false,&quot;201341983&quot;:0,&quot;335551550&quot;:6,&quot;335551620&quot;:6,&quot;335559685&quot;:0,&quot;335559737&quot;:0,&quot;335559738&quot;:0,&quot;335559739&quot;:160,&quot;335559740&quot;:259}\">\u00a0<\/span><\/p><p><span data-contrast=\"none\">En MiroVerd, convertimos tus conceptos en proyectos tangibles y espectaculares. En el \u00e1mbito del c\u00e9sped artificial, ofrecemos una relaci\u00f3n calidad-precio inigualable en el mercado. Con una amplia selecci\u00f3n de opciones, nos adaptamos a las especificidades de cada proyecto, ya sea en jardines residenciales o espacios comerciales. Adem\u00e1s del c\u00e9sped artificial, nos especializamos en p\u00e9rgolas y energ\u00edas renovables de modo que, si buscas crear un rinc\u00f3n acogedor con una p\u00e9rgola elegante o integrar soluciones sostenibles con placas fotovoltaicas, nuestro equipo est\u00e1 preparado para orientarte y hacer realidad tu visi\u00f3n.<\/span><span data-ccp-props=\"{&quot;134233117&quot;:false,&quot;335551550&quot;:6,&quot;335551620&quot;:6,&quot;335557856&quot;:16777215,&quot;335559685&quot;:-20,&quot;335559737&quot;:-20,&quot;335559738&quot;:0}\">\u00a0<\/span><\/p><p><span data-contrast=\"none\">\u00a1Contacta con nosotros hoy mismo para transformar tus exteriores con el <\/span><b><span data-contrast=\"none\">dise\u00f1o <\/span><\/b><span data-contrast=\"none\">de<\/span><b><span data-contrast=\"none\"> c\u00e9sped artificial en Barcelona<\/span><\/b><span data-contrast=\"none\"> de MiroVerd!<\/span><span data-ccp-props=\"{&quot;335551550&quot;:6,&quot;335551620&quot;:6,&quot;335559685&quot;:-20,&quot;335559737&quot;:-20}\">\u00a0<\/span><\/p><p><span data-ccp-props=\"{&quot;335551550&quot;:6,&quot;335551620&quot;:6}\">\u00a0<\/span><\/p>\t\t\t\t\t\t\t\t<\/div>\n\t\t\t\t<\/div>\n\t\t\t\t\t<\/div>\n\t\t<\/div>\n\t\t\t\t<div class=\"elementor-column elementor-col-50 elementor-top-column elementor-element elementor-element-2fc7ebf1\" data-id=\"2fc7ebf1\" data-element_type=\"column\" data-settings=\"{&quot;background_background&quot;:&quot;classic&quot;}\">\n\t\t\t<div class=\"elementor-widget-wrap elementor-element-populated\">\n\t\t\t\t\t\t<section class=\"elementor-section elementor-inner-section elementor-element elementor-element-5128fa09 elementor-section-boxed elementor-section-height-default elementor-section-height-default\" data-id=\"5128fa09\" data-element_type=\"section\" data-settings=\"{&quot;background_background&quot;:&quot;classic&quot;}\">\n\t\t\t\t\t\t<div class=\"elementor-container elementor-column-gap-default\">\n\t\t\t\t\t<div class=\"elementor-column elementor-col-100 elementor-inner-column elementor-element elementor-element-56c15917\" data-id=\"56c15917\" data-element_type=\"column\">\n\t\t\t<div class=\"elementor-widget-wrap elementor-element-populated\">\n\t\t\t\t\t\t<div class=\"elementor-element elementor-element-ba0d00b elementor-widget elementor-widget-heading\" data-id=\"ba0d00b\" data-element_type=\"widget\" data-widget_type=\"heading.default\">\n\t\t\t\t<div class=\"elementor-widget-container\">\n\t\t\t\t\t<h3 class=\"elementor-heading-title elementor-size-default\">Cont\u00e1ctanos sin compromiso<\/h3>\t\t\t\t<\/div>\n\t\t\t\t<\/div>\n\t\t\t\t\t<\/div>\n\t\t<\/div>\n\t\t\t\t\t<\/div>\n\t\t<\/section>\n\t\t\t\t<div class=\"elementor-element elementor-element-db7d510 elementor-widget elementor-widget-shortcode\" data-id=\"db7d510\" data-element_type=\"widget\" data-widget_type=\"shortcode.default\">\n\t\t\t\t<div class=\"elementor-widget-container\">\n\t\t\t\t\t\t\t<div class=\"elementor-shortcode\">\n<div class=\"wpcf7 no-js\" id=\"wpcf7-f1534-o1\" lang=\"es-ES\" dir=\"ltr\" data-wpcf7-id=\"1534\">\n<div class=\"screen-reader-response\"><p role=\"status\" aria-live=\"polite\" aria-atomic=\"true\"><\/p> <ul><\/ul><\/div>\n<form action=\"\/ca\/wp-json\/wp\/v2\/pages\/1475#wpcf7-f1534-o1\" method=\"post\" class=\"wpcf7-form init\" aria-label=\"Formulario de contacto\" novalidate=\"novalidate\" data-status=\"init\" data-trp-original-action=\"\/ca\/wp-json\/wp\/v2\/pages\/1475#wpcf7-f1534-o1\">\n<fieldset class=\"hidden-fields-container\"><input type=\"hidden\" name=\"_wpcf7\" value=\"1534\" \/><input type=\"hidden\" name=\"_wpcf7_version\" value=\"6.1.4\" \/><input type=\"hidden\" name=\"_wpcf7_locale\" value=\"es_ES\" \/><input type=\"hidden\" name=\"_wpcf7_unit_tag\" value=\"wpcf7-f1534-o1\" \/><input type=\"hidden\" name=\"_wpcf7_container_post\" value=\"0\" \/><input type=\"hidden\" name=\"_wpcf7_posted_data_hash\" value=\"\" \/><input type=\"hidden\" name=\"_wpcf7_recaptcha_response\" value=\"\" \/>\n<\/fieldset>\n<div id=\"responsive-form\" class=\"clearfix\">\n\t<div class=\"form-row\">\n\t\t<div class=\"column-half\">\n\t\t\t<p>Nom <span class=\"wpcf7-form-control-wrap\" data-name=\"your-name\"><input size=\"40\" maxlength=\"400\" class=\"wpcf7-form-control wpcf7-text wpcf7-validates-as-required\" aria-required=\"true\" aria-invalid=\"false\" placeholder=\"Nom\" value=\"\" type=\"text\" name=\"your-name\" \/><\/span>\n\t\t\t<\/p>\n\t\t<\/div>\n\t\t<div class=\"column-half\">\n\t\t\t<p>Cognoms <span class=\"wpcf7-form-control-wrap\" data-name=\"last-name\"><input size=\"40\" maxlength=\"400\" class=\"wpcf7-form-control wpcf7-text wpcf7-validates-as-required\" aria-required=\"true\" aria-invalid=\"false\" placeholder=\"Cognoms\" value=\"\" type=\"text\" name=\"last-name\" \/><\/span>\n\t\t\t<\/p>\n\t\t<\/div>\n\t<\/div>\n\t<div class=\"form-row\">\n\t\t<div class=\"column-half\">\n\t\t\t<p>Email <span class=\"wpcf7-form-control-wrap\" data-name=\"your-email\"><input size=\"40\" maxlength=\"400\" class=\"wpcf7-form-control wpcf7-email wpcf7-validates-as-required wpcf7-text wpcf7-validates-as-email\" aria-required=\"true\" aria-invalid=\"false\" placeholder=\"Email\" value=\"\" type=\"email\" name=\"your-email\" \/><\/span>\n\t\t\t<\/p>\n\t\t<\/div>\n\t\t<div class=\"column-half\">\n\t\t\t<p>Tel\u00e8fon <span class=\"wpcf7-form-control-wrap\" data-name=\"your-phone\"><input size=\"40\" maxlength=\"400\" class=\"wpcf7-form-control wpcf7-tel wpcf7-validates-as-required wpcf7-text wpcf7-validates-as-tel\" aria-required=\"true\" aria-invalid=\"false\" placeholder=\"Tel\u00e8fon\" value=\"\" type=\"tel\" name=\"your-phone\" \/><\/span>\n\t\t\t<\/p>\n\t\t<\/div>\n\t<\/div>\n\t<div class=\"form-row\">\n\t\t<div class=\"column-full\">\n\t\t\t<p>Poblaci\u00f3n<span class=\"wpcf7-form-control-wrap\" data-name=\"your-city\"><input size=\"40\" maxlength=\"400\" class=\"wpcf7-form-control wpcf7-text wpcf7-validates-as-required\" aria-required=\"true\" aria-invalid=\"false\" placeholder=\"Indique aqu\u00ed su poblaci\u00f3n\" value=\"\" type=\"text\" name=\"your-city\" \/><\/span>\n\t\t\t<\/p>\n\t\t<\/div>\n\t<\/div>\n\t<div class=\"form-row\">\n\t\t<div class=\"column-full\">\n\t\t\t<p>Categoria<br \/>\n<span class=\"wpcf7-form-control-wrap\" data-name=\"radio-506\"><span class=\"wpcf7-form-control wpcf7-radio\"><span class=\"wpcf7-list-item first\"><label><input type=\"radio\" name=\"radio-506\" value=\"C\u00e9sped natural\" \/><span class=\"wpcf7-list-item-label\">Gespa natural<\/span><\/label><\/span><span class=\"wpcf7-list-item\"><label><input type=\"radio\" name=\"radio-506\" value=\"Piscinas\" \/><span class=\"wpcf7-list-item-label\">Piscines<\/span><\/label><\/span><span class=\"wpcf7-list-item\"><label><input type=\"radio\" name=\"radio-506\" value=\"P\u00e9rgolas\" \/><span class=\"wpcf7-list-item-label\">P\u00e8rgoles<\/span><\/label><\/span><span class=\"wpcf7-list-item\"><label><input type=\"radio\" name=\"radio-506\" value=\"Placas Solares\" \/><span class=\"wpcf7-list-item-label\">Plaques Solars<\/span><\/label><\/span><span class=\"wpcf7-list-item last\"><label><input type=\"radio\" name=\"radio-506\" value=\"Otro\" checked=\"checked\" \/><span class=\"wpcf7-list-item-label\">Un altre<\/span><\/label><\/span><\/span><\/span>\n\t\t\t<\/p>\n\t\t<\/div>\n\t<\/div>\n\t<div class=\"form-row\">\n\t\t<div class=\"column-full\">\n\t\t\t<p>Producte interessat <span class=\"wpcf7-form-control-wrap\" data-name=\"your-interest\"><textarea cols=\"40\" rows=\"1\" maxlength=\"2000\" class=\"wpcf7-form-control wpcf7-textarea\" aria-invalid=\"false\" placeholder=\"Indiqueu el producte\/s en els quals voleu un pressupost orientatiu\" name=\"your-interest\"><\/textarea><\/span>\n\t\t\t<\/p>\n\t\t<\/div>\n\t<\/div>\n\t<div class=\"form-row\">\n\t\t<div class=\"column-full\">\n\t\t\t<p>Quantitat de m\u00b2 o mides del producte desitjat <span class=\"wpcf7-form-control-wrap\" data-name=\"your-quantity\"><textarea cols=\"40\" rows=\"1\" maxlength=\"2000\" class=\"wpcf7-form-control wpcf7-textarea\" aria-invalid=\"false\" placeholder=\"Quantitat\" name=\"your-quantity\"><\/textarea><\/span>\n\t\t\t<\/p>\n\t\t<\/div>\n\t<\/div>\n\t<div class=\"form-row\">\n\t\t<div class=\"column-full\">\n\t\t\t<p>Terreny actual<br \/>\n<span class=\"wpcf7-form-control-wrap\" data-name=\"radio-508\"><span class=\"wpcf7-form-control wpcf7-radio\"><span class=\"wpcf7-list-item first\"><label><input type=\"radio\" name=\"radio-508\" value=\"C\u00e9sped natural\" \/><span class=\"wpcf7-list-item-label\">Gespa natural<\/span><\/label><\/span><span class=\"wpcf7-list-item\"><label><input type=\"radio\" name=\"radio-508\" value=\"Pavimento\" \/><span class=\"wpcf7-list-item-label\">Paviment<\/span><\/label><\/span><span class=\"wpcf7-list-item\"><label><input type=\"radio\" name=\"radio-508\" value=\"Tierra\" \/><span class=\"wpcf7-list-item-label\">Terra<\/span><\/label><\/span><span class=\"wpcf7-list-item last\"><label><input type=\"radio\" name=\"radio-508\" value=\"Otro\" checked=\"checked\" \/><span class=\"wpcf7-list-item-label\">Un altre<\/span><\/label><\/span><\/span><\/span>\n\t\t\t<\/p>\n\t\t<\/div>\n\t<\/div>\n\t<div class=\"form-row\">\n\t\t<div class=\"column-full\">\n\t\t\t<p>Observacions <span class=\"wpcf7-form-control-wrap\" data-name=\"your-message\"><textarea cols=\"40\" rows=\"2\" maxlength=\"2000\" class=\"wpcf7-form-control wpcf7-textarea\" aria-invalid=\"false\" placeholder=\"Indiqueu aqu\u00ed si teniu alguna observaci\u00f3:\" name=\"your-message\"><\/textarea><\/span>\n\t\t\t<\/p>\n\t\t<\/div>\n\t<\/div>\n\t<p><span class=\"wpcf7-form-control-wrap\" data-name=\"acceptance-947\"><span class=\"wpcf7-form-control wpcf7-acceptance\"><span class=\"wpcf7-list-item\"><label><input type=\"checkbox\" name=\"acceptance-947\" value=\"1\" aria-invalid=\"false\" \/><span class=\"wpcf7-list-item-label\">Acepto la pol\u00edtica de privacidad y el env\u00edo de informaci\u00f3n<\/span><\/label><\/span><\/span><\/span>\n\t<\/p>\n\t<div class=\"form-row\">\n\t\t<div class=\"column-full\">\n\t\t\t<p><input class=\"wpcf7-form-control wpcf7-submit has-spinner\" type=\"submit\" value=\"Enviar\" \/>\n\t\t\t<\/p>\n\t\t<\/div>\n\t<\/div>\n<\/div><!--end responsive-form--><div class=\"wpcf7-response-output\" aria-hidden=\"true\"><\/div>\n<input type=\"hidden\" name=\"trp-form-language\" value=\"ca\"\/><\/form>\n<\/div>\n<\/div>\n\t\t\t\t\t\t<\/div>\n\t\t\t\t<\/div>\n\t\t\t\t\t<\/div>\n\t\t<\/div>\n\t\t\t\t\t<\/div>\n\t\t<\/section>\n\t\t\t\t<\/div>","protected":false},"excerpt":{"rendered":"<p>Amplia gama de colores y dise\u00f1os de c\u00e9sped artificial a medida en Miroverd Descubre nuestra exclusiva colecci\u00f3n de c\u00e9sped artificial, dise\u00f1ada para convertir tus espacios exteriores en verdaderos oasis de belleza y confort. Nos dedicamos a la instalaci\u00f3n y al dise\u00f1o de c\u00e9sped artificial en Barcelona, para ofrecer una alternativa innovadora de calidad al c\u00e9sped [&hellip;]<\/p>","protected":false},"author":2,"featured_media":0,"parent":0,"menu_order":11,"comment_status":"closed","ping_status":"closed","template":"","meta":{"footnotes":""},"class_list":["post-1475","page","type-page","status-publish","hentry"],"yoast_head":"<!-- This site is optimized with the Yoast SEO plugin v26.7 - https:\/\/yoast.com\/wordpress\/plugins\/seo\/ -->\n<title>Dise\u00f1o c\u00e9sped artificial Barcelona - MiroVerd<\/title>\n<meta name=\"robots\" content=\"index, follow, max-snippet:-1, max-image-preview:large, max-video-preview:-1\" \/>\n<link rel=\"canonical\" href=\"https:\/\/miroverd.com\/ca\/diseno-cesped-artificial-barcelona\/\" \/>\n<meta property=\"og:locale\" content=\"ca_ES\" \/>\n<meta property=\"og:type\" content=\"article\" \/>\n<meta property=\"og:title\" content=\"Dise\u00f1o c\u00e9sped artificial Barcelona - MiroVerd\" \/>\n<meta property=\"og:description\" content=\"Amplia gama de colores y dise\u00f1os de c\u00e9sped artificial a medida en Miroverd Descubre nuestra exclusiva colecci\u00f3n de c\u00e9sped artificial, dise\u00f1ada para convertir tus espacios exteriores en verdaderos oasis de belleza y confort. Nos dedicamos a la instalaci\u00f3n y al dise\u00f1o de c\u00e9sped artificial en Barcelona, para ofrecer una alternativa innovadora de calidad al c\u00e9sped [&hellip;]\" \/>\n<meta property=\"og:url\" content=\"https:\/\/miroverd.com\/ca\/diseno-cesped-artificial-barcelona\/\" \/>\n<meta property=\"og:site_name\" content=\"MiroVerd\" \/>\n<meta property=\"article:modified_time\" content=\"2025-04-09T09:56:34+00:00\" \/>\n<meta name=\"twitter:card\" content=\"summary_large_image\" \/>\n<meta name=\"twitter:label1\" content=\"Temps estimat de lectura\" \/>\n\t<meta name=\"twitter:data1\" content=\"2 minuts\" \/>\n<script type=\"application\/ld+json\" class=\"yoast-schema-graph\">{\"@context\":\"https:\/\/schema.org\",\"@graph\":[{\"@type\":\"WebPage\",\"@id\":\"https:\/\/miroverd.com\/diseno-cesped-artificial-barcelona\/\",\"url\":\"https:\/\/miroverd.com\/diseno-cesped-artificial-barcelona\/\",\"name\":\"Dise\u00f1o c\u00e9sped artificial Barcelona - MiroVerd\",\"isPartOf\":{\"@id\":\"https:\/\/miroverd.com\/#website\"},\"datePublished\":\"2024-05-02T08:44:48+00:00\",\"dateModified\":\"2025-04-09T09:56:34+00:00\",\"breadcrumb\":{\"@id\":\"https:\/\/miroverd.com\/diseno-cesped-artificial-barcelona\/#breadcrumb\"},\"inLanguage\":\"ca\",\"potentialAction\":[{\"@type\":\"ReadAction\",\"target\":[\"https:\/\/miroverd.com\/diseno-cesped-artificial-barcelona\/\"]}]},{\"@type\":\"BreadcrumbList\",\"@id\":\"https:\/\/miroverd.com\/diseno-cesped-artificial-barcelona\/#breadcrumb\",\"itemListElement\":[{\"@type\":\"ListItem\",\"position\":1,\"name\":\"Portada\",\"item\":\"https:\/\/miroverd.com\/\"},{\"@type\":\"ListItem\",\"position\":2,\"name\":\"Dise\u00f1o c\u00e9sped artificial Barcelona\"}]},{\"@type\":\"WebSite\",\"@id\":\"https:\/\/miroverd.com\/#website\",\"url\":\"https:\/\/miroverd.com\/\",\"name\":\"MiroVerd\",\"description\":\"\",\"publisher\":{\"@id\":\"https:\/\/miroverd.com\/#organization\"},\"potentialAction\":[{\"@type\":\"SearchAction\",\"target\":{\"@type\":\"EntryPoint\",\"urlTemplate\":\"https:\/\/miroverd.com\/?s={search_term_string}\"},\"query-input\":{\"@type\":\"PropertyValueSpecification\",\"valueRequired\":true,\"valueName\":\"search_term_string\"}}],\"inLanguage\":\"ca\"},{\"@type\":\"Organization\",\"@id\":\"https:\/\/miroverd.com\/#organization\",\"name\":\"MiroVerd\",\"url\":\"https:\/\/miroverd.com\/\",\"logo\":{\"@type\":\"ImageObject\",\"inLanguage\":\"ca\",\"@id\":\"https:\/\/miroverd.com\/#\/schema\/logo\/image\/\",\"url\":\"https:\/\/miroverd.com\/wp-content\/uploads\/IMAGOTIPO_PNG-2.png\",\"contentUrl\":\"https:\/\/miroverd.com\/wp-content\/uploads\/IMAGOTIPO_PNG-2.png\",\"width\":352,\"height\":225,\"caption\":\"MiroVerd\"},\"image\":{\"@id\":\"https:\/\/miroverd.com\/#\/schema\/logo\/image\/\"}}]}<\/script>\n<!-- \/ Yoast SEO plugin. -->","yoast_head_json":{"title":"Dise\u00f1o c\u00e9sped artificial Barcelona - MiroVerd","robots":{"index":"index","follow":"follow","max-snippet":"max-snippet:-1","max-image-preview":"max-image-preview:large","max-video-preview":"max-video-preview:-1"},"canonical":"https:\/\/miroverd.com\/ca\/diseno-cesped-artificial-barcelona\/","og_locale":"ca_ES","og_type":"article","og_title":"Dise\u00f1o c\u00e9sped artificial Barcelona - MiroVerd","og_description":"Amplia gama de colores y dise\u00f1os de c\u00e9sped artificial a medida en Miroverd Descubre nuestra exclusiva colecci\u00f3n de c\u00e9sped artificial, dise\u00f1ada para convertir tus espacios exteriores en verdaderos oasis de belleza y confort. Nos dedicamos a la instalaci\u00f3n y al dise\u00f1o de c\u00e9sped artificial en Barcelona, para ofrecer una alternativa innovadora de calidad al c\u00e9sped [&hellip;]","og_url":"https:\/\/miroverd.com\/ca\/diseno-cesped-artificial-barcelona\/","og_site_name":"MiroVerd","article_modified_time":"2025-04-09T09:56:34+00:00","twitter_card":"summary_large_image","twitter_misc":{"Temps estimat de lectura":"2 minuts"},"schema":{"@context":"https:\/\/schema.org","@graph":[{"@type":"WebPage","@id":"https:\/\/miroverd.com\/diseno-cesped-artificial-barcelona\/","url":"https:\/\/miroverd.com\/diseno-cesped-artificial-barcelona\/","name":"Dise\u00f1o c\u00e9sped artificial Barcelona - MiroVerd","isPartOf":{"@id":"https:\/\/miroverd.com\/#website"},"datePublished":"2024-05-02T08:44:48+00:00","dateModified":"2025-04-09T09:56:34+00:00","breadcrumb":{"@id":"https:\/\/miroverd.com\/diseno-cesped-artificial-barcelona\/#breadcrumb"},"inLanguage":"ca","potentialAction":[{"@type":"ReadAction","target":["https:\/\/miroverd.com\/diseno-cesped-artificial-barcelona\/"]}]},{"@type":"BreadcrumbList","@id":"https:\/\/miroverd.com\/diseno-cesped-artificial-barcelona\/#breadcrumb","itemListElement":[{"@type":"ListItem","position":1,"name":"Portada","item":"https:\/\/miroverd.com\/"},{"@type":"ListItem","position":2,"name":"Dise\u00f1o c\u00e9sped artificial Barcelona"}]},{"@type":"WebSite","@id":"https:\/\/miroverd.com\/#website","url":"https:\/\/miroverd.com\/","name":"MiroVerd","description":"","publisher":{"@id":"https:\/\/miroverd.com\/#organization"},"potentialAction":[{"@type":"SearchAction","target":{"@type":"EntryPoint","urlTemplate":"https:\/\/miroverd.com\/?s={search_term_string}"},"query-input":{"@type":"PropertyValueSpecification","valueRequired":true,"valueName":"search_term_string"}}],"inLanguage":"ca"},{"@type":"Organization","@id":"https:\/\/miroverd.com\/#organization","name":"MiroVerd","url":"https:\/\/miroverd.com\/","logo":{"@type":"ImageObject","inLanguage":"ca","@id":"https:\/\/miroverd.com\/#\/schema\/logo\/image\/","url":"https:\/\/miroverd.com\/wp-content\/uploads\/IMAGOTIPO_PNG-2.png","contentUrl":"https:\/\/miroverd.com\/wp-content\/uploads\/IMAGOTIPO_PNG-2.png","width":352,"height":225,"caption":"MiroVerd"},"image":{"@id":"https:\/\/miroverd.com\/#\/schema\/logo\/image\/"}}]}},"_links":{"self":[{"href":"https:\/\/miroverd.com\/ca\/wp-json\/wp\/v2\/pages\/1475","targetHints":{"allow":["GET"]}}],"collection":[{"href":"https:\/\/miroverd.com\/ca\/wp-json\/wp\/v2\/pages"}],"about":[{"href":"https:\/\/miroverd.com\/ca\/wp-json\/wp\/v2\/types\/page"}],"author":[{"embeddable":true,"href":"https:\/\/miroverd.com\/ca\/wp-json\/wp\/v2\/users\/2"}],"replies":[{"embeddable":true,"href":"https:\/\/miroverd.com\/ca\/wp-json\/wp\/v2\/comments?post=1475"}],"version-history":[{"count":12,"href":"https:\/\/miroverd.com\/ca\/wp-json\/wp\/v2\/pages\/1475\/revisions"}],"predecessor-version":[{"id":2780,"href":"https:\/\/miroverd.com\/ca\/wp-json\/wp\/v2\/pages\/1475\/revisions\/2780"}],"wp:attachment":[{"href":"https:\/\/miroverd.com\/ca\/wp-json\/wp\/v2\/media?parent=1475"}],"curies":[{"name":"wp","href":"https:\/\/api.w.org\/{rel}","templated":true}]}}