{"id":1448,"date":"2024-05-02T10:18:10","date_gmt":"2024-05-02T08:18:10","guid":{"rendered":"https:\/\/miroverd.com\/?page_id=1448"},"modified":"2025-04-09T11:59:00","modified_gmt":"2025-04-09T09:59:00","slug":"cesped-artificial-barcelona","status":"publish","type":"page","link":"https:\/\/miroverd.com\/ca\/cesped-artificial-barcelona\/","title":{"rendered":"C\u00e9sped artificial Barcelona"},"content":{"rendered":"<div data-elementor-type=\"wp-page\" data-elementor-id=\"1448\" class=\"elementor elementor-1448\" data-elementor-post-type=\"page\">\n\t\t\t\t\t\t<section class=\"elementor-section elementor-top-section elementor-element elementor-element-659ec96a elementor-section-height-min-height elementor-section-boxed elementor-section-height-default elementor-section-items-middle\" data-id=\"659ec96a\" data-element_type=\"section\" data-settings=\"{&quot;background_background&quot;:&quot;classic&quot;}\">\n\t\t\t\t\t\t\t<div class=\"elementor-background-overlay\"><\/div>\n\t\t\t\t\t\t\t<div class=\"elementor-container elementor-column-gap-default\">\n\t\t\t\t\t<div class=\"elementor-column elementor-col-100 elementor-top-column elementor-element elementor-element-61da014c\" data-id=\"61da014c\" data-element_type=\"column\">\n\t\t\t<div class=\"elementor-widget-wrap elementor-element-populated\">\n\t\t\t\t\t\t\t<\/div>\n\t\t<\/div>\n\t\t\t\t\t<\/div>\n\t\t<\/section>\n\t\t\t\t<section class=\"elementor-section elementor-top-section elementor-element elementor-element-5ee46887 elementor-section-boxed elementor-section-height-default elementor-section-height-default\" data-id=\"5ee46887\" data-element_type=\"section\" data-settings=\"{&quot;background_background&quot;:&quot;classic&quot;}\">\n\t\t\t\t\t\t<div class=\"elementor-container elementor-column-gap-default\">\n\t\t\t\t\t<div class=\"elementor-column elementor-col-50 elementor-top-column elementor-element elementor-element-3bf86df0\" data-id=\"3bf86df0\" data-element_type=\"column\">\n\t\t\t<div class=\"elementor-widget-wrap elementor-element-populated\">\n\t\t\t\t\t\t<section class=\"elementor-section elementor-inner-section elementor-element elementor-element-37a646f9 elementor-section-boxed elementor-section-height-default elementor-section-height-default\" data-id=\"37a646f9\" data-element_type=\"section\">\n\t\t\t\t\t\t<div class=\"elementor-container elementor-column-gap-default\">\n\t\t\t\t\t<div class=\"elementor-column elementor-col-100 elementor-inner-column elementor-element elementor-element-74b7834\" data-id=\"74b7834\" data-element_type=\"column\">\n\t\t\t<div class=\"elementor-widget-wrap elementor-element-populated\">\n\t\t\t\t\t\t<div class=\"elementor-element elementor-element-085ef69 elementor-widget__width-initial elementor-widget-divider--view-line elementor-widget elementor-widget-divider\" data-id=\"085ef69\" data-element_type=\"widget\" data-widget_type=\"divider.default\">\n\t\t\t\t<div class=\"elementor-widget-container\">\n\t\t\t\t\t\t\t<div class=\"elementor-divider\">\n\t\t\t<span class=\"elementor-divider-separator\">\n\t\t\t\t\t\t<\/span>\n\t\t<\/div>\n\t\t\t\t\t\t<\/div>\n\t\t\t\t<\/div>\n\t\t\t\t<div class=\"elementor-element elementor-element-1fee47c elementor-widget elementor-widget-heading\" data-id=\"1fee47c\" data-element_type=\"widget\" data-widget_type=\"heading.default\">\n\t\t\t\t<div class=\"elementor-widget-container\">\n\t\t\t\t\t<h2 class=\"elementor-heading-title elementor-size-default\">MiroVerd; especialistas en c\u00e9sped artificial en Barcelona<\/h2>\t\t\t\t<\/div>\n\t\t\t\t<\/div>\n\t\t\t\t\t<\/div>\n\t\t<\/div>\n\t\t\t\t\t<\/div>\n\t\t<\/section>\n\t\t\t\t<div class=\"elementor-element elementor-element-57b49f1e elementor-widget elementor-widget-text-editor\" data-id=\"57b49f1e\" data-element_type=\"widget\" data-widget_type=\"text-editor.default\">\n\t\t\t\t<div class=\"elementor-widget-container\">\n\t\t\t\t\t\t\t\t\t<p><span data-contrast=\"auto\">Somos una empresa familiar apasionada por hacer realidad tus sue\u00f1os de jard\u00edn. Somos especialistas en la instalaci\u00f3n de <\/span><b><span data-contrast=\"auto\">c\u00e9sped artificial<\/span><\/b><span data-contrast=\"auto\"> en exteriores en <\/span><b><span data-contrast=\"auto\">Barcelona <\/span><\/b><span data-contrast=\"auto\">y ponemos a tu alcance una amplia gama de opciones. Desde opciones m\u00e1s cl\u00e1sicas a opciones m\u00e1s elegantes y vers\u00e1tiles, que pueden adaptarse a tus preferencias y necesidades en cada momento.<\/span><span data-ccp-props=\"{&quot;335551550&quot;:6,&quot;335551620&quot;:6,&quot;335559685&quot;:-20,&quot;335559737&quot;:-20}\">\u00a0<\/span><\/p><h2><b><span data-contrast=\"auto\">C\u00e9sped artificial en Barcelona y mucho m\u00e1s<\/span><\/b><span data-ccp-props=\"{&quot;134233117&quot;:false,&quot;134233118&quot;:false,&quot;201341983&quot;:0,&quot;335551550&quot;:6,&quot;335551620&quot;:6,&quot;335559685&quot;:-20,&quot;335559737&quot;:-20,&quot;335559738&quot;:0,&quot;335559739&quot;:160,&quot;335559740&quot;:259}\">\u00a0<\/span><\/h2><p><span data-contrast=\"auto\">Gracias a una dilatada experiencia en este sector, asesoramos a nuestros clientes con ideas creativas para dise\u00f1ar espacios verdes excepcionales, que pueden adaptarse a todo tipo de proyectos. Desde la instalaci\u00f3n de <\/span><b><span data-contrast=\"auto\">c\u00e9sped artificial <\/span><\/b><span data-contrast=\"auto\">a <\/span><b><span data-contrast=\"auto\">Barcelona <\/span><\/b><span data-contrast=\"auto\">hasta p\u00e9rgolas y energ\u00edas renovables, en MiroVerd transformamos tus sue\u00f1os en realidad. De hecho, proporcionamos servicios especializados de c\u00e9sped artificial, piscinas, p\u00e9rgolas, instalaci\u00f3n fotovoltaica aislada, tarimas flotantes y hasta cerramientos de tarima.<\/span><span data-ccp-props=\"{&quot;335551550&quot;:6,&quot;335551620&quot;:6,&quot;335559685&quot;:-20,&quot;335559737&quot;:-20}\">\u00a0<\/span><\/p><p><span data-contrast=\"none\">Descubre en MiroVerd las mejores soluciones personalizadas de <\/span><b><span data-contrast=\"none\">c\u00e9sped artificial <\/span><\/b><span data-contrast=\"none\">a <\/span><b><span data-contrast=\"none\">Barcelona<\/span><\/b><span data-contrast=\"none\">. En nuestro cat\u00e1logo<\/span> <span data-contrast=\"none\">presentamos una cuidada colecci\u00f3n de c\u00e9sped artificial dise\u00f1ada para convertir tus \u00e1reas exteriores en refugios de belleza y confort.\u00a0<\/span><span data-ccp-props=\"{&quot;335551550&quot;:6,&quot;335551620&quot;:6,&quot;335559685&quot;:-20,&quot;335559737&quot;:-20}\">\u00a0<\/span><\/p><h2><b><span data-contrast=\"none\">Caracter\u00edsticas de nuestro c\u00e9sped artificial en Barcelona<\/span><\/b><span data-ccp-props=\"{&quot;134233117&quot;:false,&quot;335551550&quot;:6,&quot;335551620&quot;:6,&quot;335557856&quot;:16777215,&quot;335559738&quot;:0}\">\u00a0<\/span><\/h2><p><span data-contrast=\"none\">Cada variedad de <\/span><b><span data-contrast=\"none\">c\u00e9sped artificial<\/span><\/b><span data-contrast=\"none\"> de MiroVerd destaca por la suavidad de su textura y una alta resistencia a las inclemencias clim\u00e1ticas y al paso del tiempo, garantiz\u00e1ndote un producto duradero y altamente realista.<\/span><span data-ccp-props=\"{&quot;134233117&quot;:false,&quot;134233118&quot;:false,&quot;201341983&quot;:0,&quot;335551550&quot;:6,&quot;335551620&quot;:6,&quot;335557856&quot;:16777215,&quot;335559685&quot;:0,&quot;335559737&quot;:0,&quot;335559738&quot;:0,&quot;335559739&quot;:160,&quot;335559740&quot;:259}\">\u00a0<\/span><\/p><p><span data-contrast=\"none\">En MiroVerd nos comprometemos con la excelencia de nuestros productos, prestando atenci\u00f3n a cada fibra y proporcionando opciones innovadoras, eficientes y realistas, que cuentan con un mantenimiento reducido en comparaci\u00f3n con el c\u00e9sped natural. El <\/span><b><span data-contrast=\"none\">c\u00e9sped artificial en Barcelona<\/span><\/b><span data-contrast=\"none\"> de MiroVerd mantiene su frescura y vitalidad a lo largo del tiempo, consiguiendo un aspecto impecable de forma continuada. En nuestro cat\u00e1logo ofrecemos diversas opciones, desde modelos de alta densidad, ideales para \u00e1reas de alto tr\u00e1fico, hasta alternativas m\u00e1s suaves y realistas, pensadas para espacios m\u00e1s \u00edntimos. La versatilidad es nuestro sello distintivo.<\/span><span data-ccp-props=\"{&quot;134233117&quot;:false,&quot;134233118&quot;:false,&quot;201341983&quot;:0,&quot;335551550&quot;:6,&quot;335551620&quot;:6,&quot;335557856&quot;:16777215,&quot;335559685&quot;:0,&quot;335559737&quot;:0,&quot;335559738&quot;:0,&quot;335559739&quot;:160,&quot;335559740&quot;:259}\">\u00a0<\/span><\/p><p><span data-contrast=\"none\">Nuestro c\u00e9sped artificial se destaca por tener atributos sobresalientes, como la suavidad de su textura, que proporciona una experiencia natural inigualable en entornos rurales y r\u00fasticos. Cada uno de nuestros productos cuenta con una cantidad espec\u00edfica de puntadas para lograr una sensaci\u00f3n altamente realista, para aquellos clientes que buscan la combinaci\u00f3n perfecta de densidad, suavidad y resistencia en sus espacios exteriores.\u00a0<\/span><span data-ccp-props=\"{&quot;335551550&quot;:6,&quot;335551620&quot;:6}\">\u00a0<\/span><\/p><p><span data-contrast=\"none\">Disfruta de un jard\u00edn siempre perfecto, sin dedicar horas a su cuidado, gracias a la calidad y la resistencia que presenta el <\/span><b><span data-contrast=\"none\">c\u00e9sped artificial en Barcelona<\/span><\/b><span data-contrast=\"none\"> de MiroVerd. Ponte en contacto con nosotros y te informaremos de cada uno de nuestros productos de forma detallada.<\/span><span data-ccp-props=\"{&quot;335551550&quot;:6,&quot;335551620&quot;:6}\">\u00a0<\/span><\/p>\t\t\t\t\t\t\t\t<\/div>\n\t\t\t\t<\/div>\n\t\t\t\t\t<\/div>\n\t\t<\/div>\n\t\t\t\t<div class=\"elementor-column elementor-col-50 elementor-top-column elementor-element elementor-element-2fc7ebf1\" data-id=\"2fc7ebf1\" data-element_type=\"column\" data-settings=\"{&quot;background_background&quot;:&quot;classic&quot;}\">\n\t\t\t<div class=\"elementor-widget-wrap elementor-element-populated\">\n\t\t\t\t\t\t<section class=\"elementor-section elementor-inner-section elementor-element elementor-element-5128fa09 elementor-section-boxed elementor-section-height-default elementor-section-height-default\" data-id=\"5128fa09\" data-element_type=\"section\" data-settings=\"{&quot;background_background&quot;:&quot;classic&quot;}\">\n\t\t\t\t\t\t<div class=\"elementor-container elementor-column-gap-default\">\n\t\t\t\t\t<div class=\"elementor-column elementor-col-100 elementor-inner-column elementor-element elementor-element-56c15917\" data-id=\"56c15917\" data-element_type=\"column\">\n\t\t\t<div class=\"elementor-widget-wrap elementor-element-populated\">\n\t\t\t\t\t\t<div class=\"elementor-element elementor-element-ba0d00b elementor-widget elementor-widget-heading\" data-id=\"ba0d00b\" data-element_type=\"widget\" data-widget_type=\"heading.default\">\n\t\t\t\t<div class=\"elementor-widget-container\">\n\t\t\t\t\t<h3 class=\"elementor-heading-title elementor-size-default\">Cont\u00e1ctanos sin compromiso<\/h3>\t\t\t\t<\/div>\n\t\t\t\t<\/div>\n\t\t\t\t\t<\/div>\n\t\t<\/div>\n\t\t\t\t\t<\/div>\n\t\t<\/section>\n\t\t\t\t<div class=\"elementor-element elementor-element-78e378f elementor-widget elementor-widget-shortcode\" data-id=\"78e378f\" data-element_type=\"widget\" data-widget_type=\"shortcode.default\">\n\t\t\t\t<div class=\"elementor-widget-container\">\n\t\t\t\t\t\t\t<div class=\"elementor-shortcode\">\n<div class=\"wpcf7 no-js\" id=\"wpcf7-f1534-o1\" lang=\"es-ES\" dir=\"ltr\" data-wpcf7-id=\"1534\">\n<div class=\"screen-reader-response\"><p role=\"status\" aria-live=\"polite\" aria-atomic=\"true\"><\/p> <ul><\/ul><\/div>\n<form action=\"\/ca\/wp-json\/wp\/v2\/pages\/1448#wpcf7-f1534-o1\" method=\"post\" class=\"wpcf7-form init\" aria-label=\"Formulario de contacto\" novalidate=\"novalidate\" data-status=\"init\" data-trp-original-action=\"\/ca\/wp-json\/wp\/v2\/pages\/1448#wpcf7-f1534-o1\">\n<fieldset class=\"hidden-fields-container\"><input type=\"hidden\" name=\"_wpcf7\" value=\"1534\" \/><input type=\"hidden\" name=\"_wpcf7_version\" value=\"6.1.4\" \/><input type=\"hidden\" name=\"_wpcf7_locale\" value=\"es_ES\" \/><input type=\"hidden\" name=\"_wpcf7_unit_tag\" value=\"wpcf7-f1534-o1\" \/><input type=\"hidden\" name=\"_wpcf7_container_post\" value=\"0\" \/><input type=\"hidden\" name=\"_wpcf7_posted_data_hash\" value=\"\" \/><input type=\"hidden\" name=\"_wpcf7_recaptcha_response\" value=\"\" \/>\n<\/fieldset>\n<div id=\"responsive-form\" class=\"clearfix\">\n\t<div class=\"form-row\">\n\t\t<div class=\"column-half\">\n\t\t\t<p>Nom <span class=\"wpcf7-form-control-wrap\" data-name=\"your-name\"><input size=\"40\" maxlength=\"400\" class=\"wpcf7-form-control wpcf7-text wpcf7-validates-as-required\" aria-required=\"true\" aria-invalid=\"false\" placeholder=\"Nom\" value=\"\" type=\"text\" name=\"your-name\" \/><\/span>\n\t\t\t<\/p>\n\t\t<\/div>\n\t\t<div class=\"column-half\">\n\t\t\t<p>Cognoms <span class=\"wpcf7-form-control-wrap\" data-name=\"last-name\"><input size=\"40\" maxlength=\"400\" class=\"wpcf7-form-control wpcf7-text wpcf7-validates-as-required\" aria-required=\"true\" aria-invalid=\"false\" placeholder=\"Cognoms\" value=\"\" type=\"text\" name=\"last-name\" \/><\/span>\n\t\t\t<\/p>\n\t\t<\/div>\n\t<\/div>\n\t<div class=\"form-row\">\n\t\t<div class=\"column-half\">\n\t\t\t<p>Email <span class=\"wpcf7-form-control-wrap\" data-name=\"your-email\"><input size=\"40\" maxlength=\"400\" class=\"wpcf7-form-control wpcf7-email wpcf7-validates-as-required wpcf7-text wpcf7-validates-as-email\" aria-required=\"true\" aria-invalid=\"false\" placeholder=\"Email\" value=\"\" type=\"email\" name=\"your-email\" \/><\/span>\n\t\t\t<\/p>\n\t\t<\/div>\n\t\t<div class=\"column-half\">\n\t\t\t<p>Tel\u00e8fon <span class=\"wpcf7-form-control-wrap\" data-name=\"your-phone\"><input size=\"40\" maxlength=\"400\" class=\"wpcf7-form-control wpcf7-tel wpcf7-validates-as-required wpcf7-text wpcf7-validates-as-tel\" aria-required=\"true\" aria-invalid=\"false\" placeholder=\"Tel\u00e8fon\" value=\"\" type=\"tel\" name=\"your-phone\" \/><\/span>\n\t\t\t<\/p>\n\t\t<\/div>\n\t<\/div>\n\t<div class=\"form-row\">\n\t\t<div class=\"column-full\">\n\t\t\t<p>Poblaci\u00f3n<span class=\"wpcf7-form-control-wrap\" data-name=\"your-city\"><input size=\"40\" maxlength=\"400\" class=\"wpcf7-form-control wpcf7-text wpcf7-validates-as-required\" aria-required=\"true\" aria-invalid=\"false\" placeholder=\"Indique aqu\u00ed su poblaci\u00f3n\" value=\"\" type=\"text\" name=\"your-city\" \/><\/span>\n\t\t\t<\/p>\n\t\t<\/div>\n\t<\/div>\n\t<div class=\"form-row\">\n\t\t<div class=\"column-full\">\n\t\t\t<p>Categoria<br \/>\n<span class=\"wpcf7-form-control-wrap\" data-name=\"radio-506\"><span class=\"wpcf7-form-control wpcf7-radio\"><span class=\"wpcf7-list-item first\"><label><input type=\"radio\" name=\"radio-506\" value=\"C\u00e9sped natural\" \/><span class=\"wpcf7-list-item-label\">Gespa natural<\/span><\/label><\/span><span class=\"wpcf7-list-item\"><label><input type=\"radio\" name=\"radio-506\" value=\"Piscinas\" \/><span class=\"wpcf7-list-item-label\">Piscines<\/span><\/label><\/span><span class=\"wpcf7-list-item\"><label><input type=\"radio\" name=\"radio-506\" value=\"P\u00e9rgolas\" \/><span class=\"wpcf7-list-item-label\">P\u00e8rgoles<\/span><\/label><\/span><span class=\"wpcf7-list-item\"><label><input type=\"radio\" name=\"radio-506\" value=\"Placas Solares\" \/><span class=\"wpcf7-list-item-label\">Plaques Solars<\/span><\/label><\/span><span class=\"wpcf7-list-item last\"><label><input type=\"radio\" name=\"radio-506\" value=\"Otro\" checked=\"checked\" \/><span class=\"wpcf7-list-item-label\">Un altre<\/span><\/label><\/span><\/span><\/span>\n\t\t\t<\/p>\n\t\t<\/div>\n\t<\/div>\n\t<div class=\"form-row\">\n\t\t<div class=\"column-full\">\n\t\t\t<p>Producte interessat <span class=\"wpcf7-form-control-wrap\" data-name=\"your-interest\"><textarea cols=\"40\" rows=\"1\" maxlength=\"2000\" class=\"wpcf7-form-control wpcf7-textarea\" aria-invalid=\"false\" placeholder=\"Indiqueu el producte\/s en els quals voleu un pressupost orientatiu\" name=\"your-interest\"><\/textarea><\/span>\n\t\t\t<\/p>\n\t\t<\/div>\n\t<\/div>\n\t<div class=\"form-row\">\n\t\t<div class=\"column-full\">\n\t\t\t<p>Quantitat de m\u00b2 o mides del producte desitjat <span class=\"wpcf7-form-control-wrap\" data-name=\"your-quantity\"><textarea cols=\"40\" rows=\"1\" maxlength=\"2000\" class=\"wpcf7-form-control wpcf7-textarea\" aria-invalid=\"false\" placeholder=\"Quantitat\" name=\"your-quantity\"><\/textarea><\/span>\n\t\t\t<\/p>\n\t\t<\/div>\n\t<\/div>\n\t<div class=\"form-row\">\n\t\t<div class=\"column-full\">\n\t\t\t<p>Terreny actual<br \/>\n<span class=\"wpcf7-form-control-wrap\" data-name=\"radio-508\"><span class=\"wpcf7-form-control wpcf7-radio\"><span class=\"wpcf7-list-item first\"><label><input type=\"radio\" name=\"radio-508\" value=\"C\u00e9sped natural\" \/><span class=\"wpcf7-list-item-label\">Gespa natural<\/span><\/label><\/span><span class=\"wpcf7-list-item\"><label><input type=\"radio\" name=\"radio-508\" value=\"Pavimento\" \/><span class=\"wpcf7-list-item-label\">Paviment<\/span><\/label><\/span><span class=\"wpcf7-list-item\"><label><input type=\"radio\" name=\"radio-508\" value=\"Tierra\" \/><span class=\"wpcf7-list-item-label\">Terra<\/span><\/label><\/span><span class=\"wpcf7-list-item last\"><label><input type=\"radio\" name=\"radio-508\" value=\"Otro\" checked=\"checked\" \/><span class=\"wpcf7-list-item-label\">Un altre<\/span><\/label><\/span><\/span><\/span>\n\t\t\t<\/p>\n\t\t<\/div>\n\t<\/div>\n\t<div class=\"form-row\">\n\t\t<div class=\"column-full\">\n\t\t\t<p>Observacions <span class=\"wpcf7-form-control-wrap\" data-name=\"your-message\"><textarea cols=\"40\" rows=\"2\" maxlength=\"2000\" class=\"wpcf7-form-control wpcf7-textarea\" aria-invalid=\"false\" placeholder=\"Indiqueu aqu\u00ed si teniu alguna observaci\u00f3:\" name=\"your-message\"><\/textarea><\/span>\n\t\t\t<\/p>\n\t\t<\/div>\n\t<\/div>\n\t<p><span class=\"wpcf7-form-control-wrap\" data-name=\"acceptance-947\"><span class=\"wpcf7-form-control wpcf7-acceptance\"><span class=\"wpcf7-list-item\"><label><input type=\"checkbox\" name=\"acceptance-947\" value=\"1\" aria-invalid=\"false\" \/><span class=\"wpcf7-list-item-label\">Acepto la pol\u00edtica de privacidad y el env\u00edo de informaci\u00f3n<\/span><\/label><\/span><\/span><\/span>\n\t<\/p>\n\t<div class=\"form-row\">\n\t\t<div class=\"column-full\">\n\t\t\t<p><input class=\"wpcf7-form-control wpcf7-submit has-spinner\" type=\"submit\" value=\"Enviar\" \/>\n\t\t\t<\/p>\n\t\t<\/div>\n\t<\/div>\n<\/div><!--end responsive-form--><div class=\"wpcf7-response-output\" aria-hidden=\"true\"><\/div>\n<input type=\"hidden\" name=\"trp-form-language\" value=\"ca\"\/><\/form>\n<\/div>\n<\/div>\n\t\t\t\t\t\t<\/div>\n\t\t\t\t<\/div>\n\t\t\t\t\t<\/div>\n\t\t<\/div>\n\t\t\t\t\t<\/div>\n\t\t<\/section>\n\t\t\t\t<\/div>","protected":false},"excerpt":{"rendered":"<p>MiroVerd; especialistas en c\u00e9sped artificial en Barcelona Somos una empresa familiar apasionada por hacer realidad tus sue\u00f1os de jard\u00edn. Somos especialistas en la instalaci\u00f3n de c\u00e9sped artificial en exteriores en Barcelona y ponemos a tu alcance una amplia gama de opciones. Desde opciones m\u00e1s cl\u00e1sicas a opciones m\u00e1s elegantes y vers\u00e1tiles, que pueden adaptarse a [&hellip;]<\/p>","protected":false},"author":2,"featured_media":0,"parent":0,"menu_order":11,"comment_status":"closed","ping_status":"closed","template":"","meta":{"footnotes":""},"class_list":["post-1448","page","type-page","status-publish","hentry"],"yoast_head":"<!-- This site is optimized with the Yoast SEO plugin v26.7 - https:\/\/yoast.com\/wordpress\/plugins\/seo\/ -->\n<title>C\u00e9sped artificial Barcelona - MiroVerd<\/title>\n<meta name=\"robots\" content=\"index, follow, max-snippet:-1, max-image-preview:large, max-video-preview:-1\" \/>\n<link rel=\"canonical\" href=\"https:\/\/miroverd.com\/ca\/cesped-artificial-barcelona\/\" \/>\n<meta property=\"og:locale\" content=\"ca_ES\" \/>\n<meta property=\"og:type\" content=\"article\" \/>\n<meta property=\"og:title\" content=\"C\u00e9sped artificial Barcelona - MiroVerd\" \/>\n<meta property=\"og:description\" content=\"MiroVerd; especialistas en c\u00e9sped artificial en Barcelona Somos una empresa familiar apasionada por hacer realidad tus sue\u00f1os de jard\u00edn. Somos especialistas en la instalaci\u00f3n de c\u00e9sped artificial en exteriores en Barcelona y ponemos a tu alcance una amplia gama de opciones. Desde opciones m\u00e1s cl\u00e1sicas a opciones m\u00e1s elegantes y vers\u00e1tiles, que pueden adaptarse a [&hellip;]\" \/>\n<meta property=\"og:url\" content=\"https:\/\/miroverd.com\/ca\/cesped-artificial-barcelona\/\" \/>\n<meta property=\"og:site_name\" content=\"MiroVerd\" \/>\n<meta property=\"article:modified_time\" content=\"2025-04-09T09:59:00+00:00\" \/>\n<meta name=\"twitter:card\" content=\"summary_large_image\" \/>\n<meta name=\"twitter:label1\" content=\"Temps estimat de lectura\" \/>\n\t<meta name=\"twitter:data1\" content=\"2 minuts\" \/>\n<script type=\"application\/ld+json\" class=\"yoast-schema-graph\">{\"@context\":\"https:\/\/schema.org\",\"@graph\":[{\"@type\":\"WebPage\",\"@id\":\"https:\/\/miroverd.com\/cesped-artificial-barcelona\/\",\"url\":\"https:\/\/miroverd.com\/cesped-artificial-barcelona\/\",\"name\":\"C\u00e9sped artificial Barcelona - MiroVerd\",\"isPartOf\":{\"@id\":\"https:\/\/miroverd.com\/#website\"},\"datePublished\":\"2024-05-02T08:18:10+00:00\",\"dateModified\":\"2025-04-09T09:59:00+00:00\",\"breadcrumb\":{\"@id\":\"https:\/\/miroverd.com\/cesped-artificial-barcelona\/#breadcrumb\"},\"inLanguage\":\"ca\",\"potentialAction\":[{\"@type\":\"ReadAction\",\"target\":[\"https:\/\/miroverd.com\/cesped-artificial-barcelona\/\"]}]},{\"@type\":\"BreadcrumbList\",\"@id\":\"https:\/\/miroverd.com\/cesped-artificial-barcelona\/#breadcrumb\",\"itemListElement\":[{\"@type\":\"ListItem\",\"position\":1,\"name\":\"Portada\",\"item\":\"https:\/\/miroverd.com\/\"},{\"@type\":\"ListItem\",\"position\":2,\"name\":\"C\u00e9sped artificial Barcelona\"}]},{\"@type\":\"WebSite\",\"@id\":\"https:\/\/miroverd.com\/#website\",\"url\":\"https:\/\/miroverd.com\/\",\"name\":\"MiroVerd\",\"description\":\"\",\"publisher\":{\"@id\":\"https:\/\/miroverd.com\/#organization\"},\"potentialAction\":[{\"@type\":\"SearchAction\",\"target\":{\"@type\":\"EntryPoint\",\"urlTemplate\":\"https:\/\/miroverd.com\/?s={search_term_string}\"},\"query-input\":{\"@type\":\"PropertyValueSpecification\",\"valueRequired\":true,\"valueName\":\"search_term_string\"}}],\"inLanguage\":\"ca\"},{\"@type\":\"Organization\",\"@id\":\"https:\/\/miroverd.com\/#organization\",\"name\":\"MiroVerd\",\"url\":\"https:\/\/miroverd.com\/\",\"logo\":{\"@type\":\"ImageObject\",\"inLanguage\":\"ca\",\"@id\":\"https:\/\/miroverd.com\/#\/schema\/logo\/image\/\",\"url\":\"https:\/\/miroverd.com\/wp-content\/uploads\/IMAGOTIPO_PNG-2.png\",\"contentUrl\":\"https:\/\/miroverd.com\/wp-content\/uploads\/IMAGOTIPO_PNG-2.png\",\"width\":352,\"height\":225,\"caption\":\"MiroVerd\"},\"image\":{\"@id\":\"https:\/\/miroverd.com\/#\/schema\/logo\/image\/\"}}]}<\/script>\n<!-- \/ Yoast SEO plugin. -->","yoast_head_json":{"title":"C\u00e9sped artificial Barcelona - MiroVerd","robots":{"index":"index","follow":"follow","max-snippet":"max-snippet:-1","max-image-preview":"max-image-preview:large","max-video-preview":"max-video-preview:-1"},"canonical":"https:\/\/miroverd.com\/ca\/cesped-artificial-barcelona\/","og_locale":"ca_ES","og_type":"article","og_title":"C\u00e9sped artificial Barcelona - MiroVerd","og_description":"MiroVerd; especialistas en c\u00e9sped artificial en Barcelona Somos una empresa familiar apasionada por hacer realidad tus sue\u00f1os de jard\u00edn. Somos especialistas en la instalaci\u00f3n de c\u00e9sped artificial en exteriores en Barcelona y ponemos a tu alcance una amplia gama de opciones. Desde opciones m\u00e1s cl\u00e1sicas a opciones m\u00e1s elegantes y vers\u00e1tiles, que pueden adaptarse a [&hellip;]","og_url":"https:\/\/miroverd.com\/ca\/cesped-artificial-barcelona\/","og_site_name":"MiroVerd","article_modified_time":"2025-04-09T09:59:00+00:00","twitter_card":"summary_large_image","twitter_misc":{"Temps estimat de lectura":"2 minuts"},"schema":{"@context":"https:\/\/schema.org","@graph":[{"@type":"WebPage","@id":"https:\/\/miroverd.com\/cesped-artificial-barcelona\/","url":"https:\/\/miroverd.com\/cesped-artificial-barcelona\/","name":"C\u00e9sped artificial Barcelona - MiroVerd","isPartOf":{"@id":"https:\/\/miroverd.com\/#website"},"datePublished":"2024-05-02T08:18:10+00:00","dateModified":"2025-04-09T09:59:00+00:00","breadcrumb":{"@id":"https:\/\/miroverd.com\/cesped-artificial-barcelona\/#breadcrumb"},"inLanguage":"ca","potentialAction":[{"@type":"ReadAction","target":["https:\/\/miroverd.com\/cesped-artificial-barcelona\/"]}]},{"@type":"BreadcrumbList","@id":"https:\/\/miroverd.com\/cesped-artificial-barcelona\/#breadcrumb","itemListElement":[{"@type":"ListItem","position":1,"name":"Portada","item":"https:\/\/miroverd.com\/"},{"@type":"ListItem","position":2,"name":"C\u00e9sped artificial Barcelona"}]},{"@type":"WebSite","@id":"https:\/\/miroverd.com\/#website","url":"https:\/\/miroverd.com\/","name":"MiroVerd","description":"","publisher":{"@id":"https:\/\/miroverd.com\/#organization"},"potentialAction":[{"@type":"SearchAction","target":{"@type":"EntryPoint","urlTemplate":"https:\/\/miroverd.com\/?s={search_term_string}"},"query-input":{"@type":"PropertyValueSpecification","valueRequired":true,"valueName":"search_term_string"}}],"inLanguage":"ca"},{"@type":"Organization","@id":"https:\/\/miroverd.com\/#organization","name":"MiroVerd","url":"https:\/\/miroverd.com\/","logo":{"@type":"ImageObject","inLanguage":"ca","@id":"https:\/\/miroverd.com\/#\/schema\/logo\/image\/","url":"https:\/\/miroverd.com\/wp-content\/uploads\/IMAGOTIPO_PNG-2.png","contentUrl":"https:\/\/miroverd.com\/wp-content\/uploads\/IMAGOTIPO_PNG-2.png","width":352,"height":225,"caption":"MiroVerd"},"image":{"@id":"https:\/\/miroverd.com\/#\/schema\/logo\/image\/"}}]}},"_links":{"self":[{"href":"https:\/\/miroverd.com\/ca\/wp-json\/wp\/v2\/pages\/1448","targetHints":{"allow":["GET"]}}],"collection":[{"href":"https:\/\/miroverd.com\/ca\/wp-json\/wp\/v2\/pages"}],"about":[{"href":"https:\/\/miroverd.com\/ca\/wp-json\/wp\/v2\/types\/page"}],"author":[{"embeddable":true,"href":"https:\/\/miroverd.com\/ca\/wp-json\/wp\/v2\/users\/2"}],"replies":[{"embeddable":true,"href":"https:\/\/miroverd.com\/ca\/wp-json\/wp\/v2\/comments?post=1448"}],"version-history":[{"count":18,"href":"https:\/\/miroverd.com\/ca\/wp-json\/wp\/v2\/pages\/1448\/revisions"}],"predecessor-version":[{"id":2792,"href":"https:\/\/miroverd.com\/ca\/wp-json\/wp\/v2\/pages\/1448\/revisions\/2792"}],"wp:attachment":[{"href":"https:\/\/miroverd.com\/ca\/wp-json\/wp\/v2\/media?parent=1448"}],"curies":[{"name":"wp","href":"https:\/\/api.w.org\/{rel}","templated":true}]}}