{"id":14,"date":"2024-01-04T12:08:33","date_gmt":"2024-01-04T12:08:33","guid":{"rendered":"http:\/\/miroverd.com\/?page_id=14"},"modified":"2024-03-11T12:31:14","modified_gmt":"2024-03-11T11:31:14","slug":"quienes-somos","status":"publish","type":"page","link":"https:\/\/miroverd.com\/ca\/quienes-somos\/","title":{"rendered":"Qui Som"},"content":{"rendered":"<div data-elementor-type=\"wp-page\" data-elementor-id=\"14\" class=\"elementor elementor-14\" data-elementor-post-type=\"page\">\n\t\t\t\t\t\t<section class=\"elementor-section elementor-top-section elementor-element elementor-element-23be68e4 elementor-section-height-min-height elementor-section-boxed elementor-section-height-default elementor-section-items-middle\" data-id=\"23be68e4\" data-element_type=\"section\" data-settings=\"{&quot;background_background&quot;:&quot;classic&quot;}\">\n\t\t\t\t\t\t\t<div class=\"elementor-background-overlay\"><\/div>\n\t\t\t\t\t\t\t<div class=\"elementor-container elementor-column-gap-default\">\n\t\t\t\t\t<div class=\"elementor-column elementor-col-100 elementor-top-column elementor-element elementor-element-4705f44d\" data-id=\"4705f44d\" data-element_type=\"column\">\n\t\t\t<div class=\"elementor-widget-wrap elementor-element-populated\">\n\t\t\t\t\t\t<div class=\"elementor-element elementor-element-23d1eba5 elementor-widget__width-initial elementor-widget elementor-widget-heading\" data-id=\"23d1eba5\" data-element_type=\"widget\" data-widget_type=\"heading.default\">\n\t\t\t\t<div class=\"elementor-widget-container\">\n\t\t\t\t\t<h2 class=\"elementor-heading-title elementor-size-default\">Fem realitat els teus projectes de jard\u00ed<\/h2>\t\t\t\t<\/div>\n\t\t\t\t<\/div>\n\t\t\t\t<div class=\"elementor-element elementor-element-6a5b4384 elementor-widget elementor-widget-heading\" data-id=\"6a5b4384\" data-element_type=\"widget\" data-widget_type=\"heading.default\">\n\t\t\t\t<div class=\"elementor-widget-container\">\n\t\t\t\t\t<h1 class=\"elementor-heading-title elementor-size-default\">qui Som<\/h1>\t\t\t\t<\/div>\n\t\t\t\t<\/div>\n\t\t\t\t\t<\/div>\n\t\t<\/div>\n\t\t\t\t\t<\/div>\n\t\t<\/section>\n\t\t\t\t<section class=\"elementor-section elementor-top-section elementor-element elementor-element-41f72f3e elementor-section-boxed elementor-section-height-default elementor-section-height-default\" data-id=\"41f72f3e\" data-element_type=\"section\" data-settings=\"{&quot;background_background&quot;:&quot;classic&quot;}\">\n\t\t\t\t\t\t<div class=\"elementor-container elementor-column-gap-default\">\n\t\t\t\t\t<div class=\"elementor-column elementor-col-50 elementor-top-column elementor-element elementor-element-4ecd3ec1\" data-id=\"4ecd3ec1\" data-element_type=\"column\">\n\t\t\t<div class=\"elementor-widget-wrap elementor-element-populated\">\n\t\t\t\t\t\t<section class=\"elementor-section elementor-inner-section elementor-element elementor-element-36faec36 elementor-section-boxed elementor-section-height-default elementor-section-height-default\" data-id=\"36faec36\" data-element_type=\"section\">\n\t\t\t\t\t\t<div class=\"elementor-container elementor-column-gap-default\">\n\t\t\t\t\t<div class=\"elementor-column elementor-col-100 elementor-inner-column elementor-element elementor-element-36306ab3\" data-id=\"36306ab3\" data-element_type=\"column\">\n\t\t\t<div class=\"elementor-widget-wrap elementor-element-populated\">\n\t\t\t\t\t\t<div class=\"elementor-element elementor-element-7ff29707 elementor-widget__width-initial elementor-widget-divider--view-line elementor-widget elementor-widget-divider\" data-id=\"7ff29707\" data-element_type=\"widget\" data-widget_type=\"divider.default\">\n\t\t\t\t<div class=\"elementor-widget-container\">\n\t\t\t\t\t\t\t<div class=\"elementor-divider\">\n\t\t\t<span class=\"elementor-divider-separator\">\n\t\t\t\t\t\t<\/span>\n\t\t<\/div>\n\t\t\t\t\t\t<\/div>\n\t\t\t\t<\/div>\n\t\t\t\t<div class=\"elementor-element elementor-element-17b64664 elementor-widget elementor-widget-heading\" data-id=\"17b64664\" data-element_type=\"widget\" data-widget_type=\"heading.default\">\n\t\t\t\t<div class=\"elementor-widget-container\">\n\t\t\t\t\t<h2 class=\"elementor-heading-title elementor-size-default\">Confia en MiroVerd per als teus projectes de jard\u00ed<\/h2>\t\t\t\t<\/div>\n\t\t\t\t<\/div>\n\t\t\t\t\t<\/div>\n\t\t<\/div>\n\t\t\t\t\t<\/div>\n\t\t<\/section>\n\t\t\t\t<div class=\"elementor-element elementor-element-12b865cb elementor-widget elementor-widget-text-editor\" data-id=\"12b865cb\" data-element_type=\"widget\" data-widget_type=\"text-editor.default\">\n\t\t\t\t<div class=\"elementor-widget-container\">\n\t\t\t\t\t\t\t\t\t<p><span style=\"font-weight: 400;\">Som una empresa familiar apassionada per convertir somnis en realitat.<\/span><\/p>\t\t\t\t\t\t\t\t<\/div>\n\t\t\t\t<\/div>\n\t\t\t\t<div class=\"elementor-element elementor-element-e2fe188 elementor-widget elementor-widget-text-editor\" data-id=\"e2fe188\" data-element_type=\"widget\" data-widget_type=\"text-editor.default\">\n\t\t\t\t<div class=\"elementor-widget-container\">\n\t\t\t\t\t\t\t\t\t<p><span style=\"font-weight: 400;\">A MiroVerd, ens especialitzem en la instal\u00b7laci\u00f3 de gespa artificial a exteriors, i som aqu\u00ed per transformar el teu jard\u00ed en un oasi de bellesa i comoditat.<\/span><\/p>\t\t\t\t\t\t\t\t<\/div>\n\t\t\t\t<\/div>\n\t\t\t\t<div class=\"elementor-element elementor-element-1ed1a8f1 elementor-widget__width-initial elementor-mobile-align-justify elementor-widget-mobile__width-inherit elementor-widget elementor-widget-button\" data-id=\"1ed1a8f1\" data-element_type=\"widget\" data-widget_type=\"button.default\">\n\t\t\t\t<div class=\"elementor-widget-container\">\n\t\t\t\t\t\t\t\t\t<div class=\"elementor-button-wrapper\">\n\t\t\t\t\t<a class=\"elementor-button elementor-button-link elementor-size-sm elementor-animation-wobble-vertical\" href=\"http:\/\/miroverd.com\/ca\/nuestros-proyectos\/\">\n\t\t\t\t\t\t<span class=\"elementor-button-content-wrapper\">\n\t\t\t\t\t\t\t\t\t<span class=\"elementor-button-text\">Els nostres projectes<\/span>\n\t\t\t\t\t<\/span>\n\t\t\t\t\t<\/a>\n\t\t\t\t<\/div>\n\t\t\t\t\t\t\t\t<\/div>\n\t\t\t\t<\/div>\n\t\t\t\t\t<\/div>\n\t\t<\/div>\n\t\t\t\t<div class=\"elementor-column elementor-col-50 elementor-top-column elementor-element elementor-element-66ffc717 elementor-hidden-tablet elementor-hidden-mobile\" data-id=\"66ffc717\" data-element_type=\"column\" data-settings=\"{&quot;background_background&quot;:&quot;classic&quot;}\">\n\t\t\t<div class=\"elementor-widget-wrap elementor-element-populated\">\n\t\t\t\t\t\t<div class=\"elementor-element elementor-element-ec9881b elementor-widget elementor-widget-image\" data-id=\"ec9881b\" data-element_type=\"widget\" data-widget_type=\"image.default\">\n\t\t\t\t<div class=\"elementor-widget-container\">\n\t\t\t\t\t\t\t\t\t\t\t\t\t\t\t<img decoding=\"async\" src=\"https:\/\/miroverd.com\/wp-content\/uploads\/elementor\/thumbs\/a7a44b64-205a-4f29-8588-27910db87274-qn69bljg78sjzpmjc3noyrkkoidqqcx7fujickwch4.jpg\" title=\"a7a44b64-205a-4f29-8588-27910db87274\" alt=\"a7a44b64-205a-4f29-8588-27910db87274\" loading=\"lazy\" \/>\t\t\t\t\t\t\t\t\t\t\t\t\t\t\t<\/div>\n\t\t\t\t<\/div>\n\t\t\t\t\t<\/div>\n\t\t<\/div>\n\t\t\t\t\t<\/div>\n\t\t<\/section>\n\t\t<div class=\"elementor-element elementor-element-50c7b003 e-flex e-con-boxed e-con e-parent\" data-id=\"50c7b003\" data-element_type=\"container\" data-settings=\"{&quot;background_background&quot;:&quot;classic&quot;}\">\n\t\t\t\t\t<div class=\"e-con-inner\">\n\t\t\t\t<div class=\"elementor-element elementor-element-4a5f2abc elementor-widget elementor-widget-heading\" data-id=\"4a5f2abc\" data-element_type=\"widget\" data-widget_type=\"heading.default\">\n\t\t\t\t<div class=\"elementor-widget-container\">\n\t\t\t\t\t<h2 class=\"elementor-heading-title elementor-size-default\">Explora el nostre m\u00f3n d&#039;opcions<\/h2>\t\t\t\t<\/div>\n\t\t\t\t<\/div>\n\t\t\t\t\t<\/div>\n\t\t\t\t<\/div>\n\t\t\t\t<section class=\"elementor-section elementor-top-section elementor-element elementor-element-39675f2d elementor-reverse-tablet elementor-reverse-mobile elementor-section-boxed elementor-section-height-default elementor-section-height-default\" data-id=\"39675f2d\" data-element_type=\"section\" data-settings=\"{&quot;background_background&quot;:&quot;classic&quot;}\">\n\t\t\t\t\t\t<div class=\"elementor-container elementor-column-gap-default\">\n\t\t\t\t\t<div class=\"elementor-column elementor-col-100 elementor-top-column elementor-element elementor-element-557beef7\" data-id=\"557beef7\" data-element_type=\"column\">\n\t\t\t<div class=\"elementor-widget-wrap elementor-element-populated\">\n\t\t\t\t\t\t<section class=\"elementor-section elementor-inner-section elementor-element elementor-element-5f1ae640 elementor-section-boxed elementor-section-height-default elementor-section-height-default\" data-id=\"5f1ae640\" data-element_type=\"section\">\n\t\t\t\t\t\t<div class=\"elementor-container elementor-column-gap-default\">\n\t\t\t\t\t<div class=\"elementor-column elementor-col-50 elementor-inner-column elementor-element elementor-element-50614aca\" data-id=\"50614aca\" data-element_type=\"column\">\n\t\t\t<div class=\"elementor-widget-wrap elementor-element-populated\">\n\t\t\t\t\t\t<div class=\"elementor-element elementor-element-fce68c2 elementor-widget__width-initial elementor-widget-divider--view-line elementor-widget elementor-widget-divider\" data-id=\"fce68c2\" data-element_type=\"widget\" data-widget_type=\"divider.default\">\n\t\t\t\t<div class=\"elementor-widget-container\">\n\t\t\t\t\t\t\t<div class=\"elementor-divider\">\n\t\t\t<span class=\"elementor-divider-separator\">\n\t\t\t\t\t\t<\/span>\n\t\t<\/div>\n\t\t\t\t\t\t<\/div>\n\t\t\t\t<\/div>\n\t\t\t\t<div class=\"elementor-element elementor-element-3545e1e8 elementor-widget elementor-widget-heading\" data-id=\"3545e1e8\" data-element_type=\"widget\" data-widget_type=\"heading.default\">\n\t\t\t\t<div class=\"elementor-widget-container\">\n\t\t\t\t\t<h2 class=\"elementor-heading-title elementor-size-default\">El nostre comprom\u00eds...<\/h2>\t\t\t\t<\/div>\n\t\t\t\t<\/div>\n\t\t\t\t<div class=\"elementor-element elementor-element-1f2c38ae elementor-widget elementor-widget-text-editor\" data-id=\"1f2c38ae\" data-element_type=\"widget\" data-widget_type=\"text-editor.default\">\n\t\t\t\t<div class=\"elementor-widget-container\">\n\t\t\t\t\t\t\t\t\t<p><span style=\"font-weight: 400;\">va m\u00e9s enll\u00e0 de la instal\u00b7laci\u00f3; ens considerem part del teu projecte i de la teva fam\u00edlia. Abans de cada feina, el nostre equip d&#039;experts us assessorar\u00e0, compartint idees creatives i possibilitats que s&#039;adaptin a les vostres necessitats i gustos.\u00a0<\/span><\/p>\t\t\t\t\t\t\t\t<\/div>\n\t\t\t\t<\/div>\n\t\t\t\t\t<\/div>\n\t\t<\/div>\n\t\t\t\t<div class=\"elementor-column elementor-col-50 elementor-inner-column elementor-element elementor-element-60bba997\" data-id=\"60bba997\" data-element_type=\"column\">\n\t\t\t<div class=\"elementor-widget-wrap elementor-element-populated\">\n\t\t\t\t\t\t<div class=\"elementor-element elementor-element-31ce519e elementor-widget elementor-widget-text-editor\" data-id=\"31ce519e\" data-element_type=\"widget\" data-widget_type=\"text-editor.default\">\n\t\t\t\t<div class=\"elementor-widget-container\">\n\t\t\t\t\t\t\t\t\t<p><span style=\"font-weight: 400;\">Amb anys d&#039;experi\u00e8ncia a l&#039;esquena, hem perfeccionat l&#039;art de crear espais verds excepcionals.<\/span><\/p><p><span style=\"font-weight: 400;\">El que ens distingeix \u00e9s la nostra dedicaci\u00f3 personal. Ens impliquem a cada projecte com si fos el nostre, assegurant-nos que cada detall estigui acuradament planificat i executat. Volem que et sentis part de la nostra fam\u00edlia des del primer dia.<\/span><\/p>\t\t\t\t\t\t\t\t<\/div>\n\t\t\t\t<\/div>\n\t\t\t\t\t<\/div>\n\t\t<\/div>\n\t\t\t\t\t<\/div>\n\t\t<\/section>\n\t\t\t\t\t<\/div>\n\t\t<\/div>\n\t\t\t\t\t<\/div>\n\t\t<\/section>\n\t\t\t\t<section class=\"elementor-section elementor-top-section elementor-element elementor-element-d3349f9 elementor-section-boxed elementor-section-height-default elementor-section-height-default\" data-id=\"d3349f9\" data-element_type=\"section\" data-settings=\"{&quot;background_background&quot;:&quot;classic&quot;}\">\n\t\t\t\t\t\t\t<div class=\"elementor-background-overlay\"><\/div>\n\t\t\t\t\t\t\t<div class=\"elementor-container elementor-column-gap-default\">\n\t\t\t\t\t<div class=\"elementor-column elementor-col-100 elementor-top-column elementor-element elementor-element-67e793f7\" data-id=\"67e793f7\" data-element_type=\"column\">\n\t\t\t<div class=\"elementor-widget-wrap elementor-element-populated\">\n\t\t\t\t\t\t<section class=\"elementor-section elementor-inner-section elementor-element elementor-element-796ae423 elementor-section-boxed elementor-section-height-default elementor-section-height-default\" data-id=\"796ae423\" data-element_type=\"section\">\n\t\t\t\t\t\t<div class=\"elementor-container elementor-column-gap-default\">\n\t\t\t\t\t<div class=\"elementor-column elementor-col-100 elementor-inner-column elementor-element elementor-element-f96f013\" data-id=\"f96f013\" data-element_type=\"column\">\n\t\t\t<div class=\"elementor-widget-wrap elementor-element-populated\">\n\t\t\t\t\t\t<div class=\"elementor-element elementor-element-318620fc elementor-widget__width-initial elementor-widget elementor-widget-heading\" data-id=\"318620fc\" data-element_type=\"widget\" data-widget_type=\"heading.default\">\n\t\t\t\t<div class=\"elementor-widget-container\">\n\t\t\t\t\t<h2 class=\"elementor-heading-title elementor-size-default\">Esperem el teu contacte per comen\u00e7ar aquesta emocionant travessia junts!\n<\/h2>\t\t\t\t<\/div>\n\t\t\t\t<\/div>\n\t\t\t\t<div class=\"elementor-element elementor-element-62e14045 elementor-widget elementor-widget-heading\" data-id=\"62e14045\" data-element_type=\"widget\" data-widget_type=\"heading.default\">\n\t\t\t\t<div class=\"elementor-widget-container\">\n\t\t\t\t\t<h2 class=\"elementor-heading-title elementor-size-default\">Confia a MiroVerd per fer realitat els teus projectes de jard\u00ed.<\/h2>\t\t\t\t<\/div>\n\t\t\t\t<\/div>\n\t\t\t\t\t<\/div>\n\t\t<\/div>\n\t\t\t\t\t<\/div>\n\t\t<\/section>\n\t\t\t\t<div class=\"elementor-element elementor-element-69d97445 elementor-widget elementor-widget-text-editor\" data-id=\"69d97445\" data-element_type=\"widget\" data-widget_type=\"text-editor.default\">\n\t\t\t\t<div class=\"elementor-widget-container\">\n\t\t\t\t\t\t\t\t\t<p><span style=\"font-weight: 400;\">Estem emocionats per l\u00b4oportunitat de treballar amb tu i transformar el teu espai exterior en un lloc \u00fanic i acollidor.<\/span><\/p>\t\t\t\t\t\t\t\t<\/div>\n\t\t\t\t<\/div>\n\t\t\t\t\t<\/div>\n\t\t<\/div>\n\t\t\t\t<div class=\"elementor-column elementor-col-100 elementor-top-column elementor-element elementor-element-35ac6c1\" data-id=\"35ac6c1\" data-element_type=\"column\">\n\t\t\t<div class=\"elementor-widget-wrap elementor-element-populated\">\n\t\t\t\t\t\t<div class=\"elementor-element elementor-element-3b688bef elementor-align-justify elementor-mobile-align-justify elementor-widget-mobile__width-inherit elementor-widget__width-auto elementor-widget elementor-widget-button\" data-id=\"3b688bef\" data-element_type=\"widget\" data-widget_type=\"button.default\">\n\t\t\t\t<div class=\"elementor-widget-container\">\n\t\t\t\t\t\t\t\t\t<div class=\"elementor-button-wrapper\">\n\t\t\t\t\t<a class=\"elementor-button elementor-button-link elementor-size-lg elementor-animation-wobble-vertical\" href=\"http:\/\/miroverd.com\/ca\/contactanos\/\">\n\t\t\t\t\t\t<span class=\"elementor-button-content-wrapper\">\n\t\t\t\t\t\t\t\t\t<span class=\"elementor-button-text\">Contacta&#039;ns<\/span>\n\t\t\t\t\t<\/span>\n\t\t\t\t\t<\/a>\n\t\t\t\t<\/div>\n\t\t\t\t\t\t\t\t<\/div>\n\t\t\t\t<\/div>\n\t\t\t\t\t<\/div>\n\t\t<\/div>\n\t\t\t\t\t<\/div>\n\t\t<\/section>\n\t\t\t\t<\/div>","protected":false},"excerpt":{"rendered":"<p>Fem realitat els teus projectes de jard\u00ed qui Som Confia a MiroVerd per als teus projectes de jard\u00ed Som una empresa familiar apassionada per convertir somnis en realitat. A MiroVerd, ens especialitzem en la instal\u00b7laci\u00f3 de gespa artificial a exteriors, i som aqu\u00ed per transformar el teu jard\u00ed en un oasi de bellesa i comoditat. Els nostres projectes explora [\u2026]<\/p>","protected":false},"author":1,"featured_media":0,"parent":0,"menu_order":1,"comment_status":"closed","ping_status":"closed","template":"","meta":{"footnotes":""},"class_list":["post-14","page","type-page","status-publish","hentry"],"yoast_head":"<!-- This site is optimized with the Yoast SEO plugin v26.7 - https:\/\/yoast.com\/wordpress\/plugins\/seo\/ -->\n<title>Qui\u00e9nes Somos - MiroVerd<\/title>\n<meta name=\"robots\" content=\"index, follow, max-snippet:-1, max-image-preview:large, max-video-preview:-1\" \/>\n<link rel=\"canonical\" href=\"https:\/\/miroverd.com\/ca\/quienes-somos\/\" \/>\n<meta property=\"og:locale\" content=\"ca_ES\" \/>\n<meta property=\"og:type\" content=\"article\" \/>\n<meta property=\"og:title\" content=\"Qui\u00e9nes Somos - MiroVerd\" \/>\n<meta property=\"og:description\" content=\"Hacemos realidad tus proyectos de jard\u00edn qui\u00e9nes Somos Conf\u00eda en MiroVerd para tus proyectos de jard\u00edn Somos una empresa familiar apasionada por convertir sue\u00f1os en realidad. En MiroVerd, nos especializamos en la instalaci\u00f3n de c\u00e9sped artificial en exteriores, y estamos aqu\u00ed para transformar tu jard\u00edn en un oasis de belleza y comodidad. Nuestros Proyectos Explora [&hellip;]\" \/>\n<meta property=\"og:url\" content=\"https:\/\/miroverd.com\/ca\/quienes-somos\/\" \/>\n<meta property=\"og:site_name\" content=\"MiroVerd\" \/>\n<meta property=\"article:modified_time\" content=\"2024-03-11T11:31:14+00:00\" \/>\n<meta property=\"og:image\" content=\"https:\/\/miroverd.com\/wp-content\/uploads\/elementor\/thumbs\/a7a44b64-205a-4f29-8588-27910db87274-qijeko62caj0ksjj5en4eey7a28suihp4qdr6gfwo8.jpg\" \/>\n<meta name=\"twitter:card\" content=\"summary_large_image\" \/>\n<meta name=\"twitter:label1\" content=\"Temps estimat de lectura\" \/>\n\t<meta name=\"twitter:data1\" content=\"2 minuts\" \/>\n<script type=\"application\/ld+json\" class=\"yoast-schema-graph\">{\"@context\":\"https:\/\/schema.org\",\"@graph\":[{\"@type\":\"WebPage\",\"@id\":\"https:\/\/miroverd.com\/quienes-somos\/\",\"url\":\"https:\/\/miroverd.com\/quienes-somos\/\",\"name\":\"Qui\u00e9nes Somos - MiroVerd\",\"isPartOf\":{\"@id\":\"https:\/\/miroverd.com\/#website\"},\"primaryImageOfPage\":{\"@id\":\"https:\/\/miroverd.com\/quienes-somos\/#primaryimage\"},\"image\":{\"@id\":\"https:\/\/miroverd.com\/quienes-somos\/#primaryimage\"},\"thumbnailUrl\":\"https:\/\/miroverd.com\/wp-content\/uploads\/elementor\/thumbs\/a7a44b64-205a-4f29-8588-27910db87274-qijeko62caj0ksjj5en4eey7a28suihp4qdr6gfwo8.jpg\",\"datePublished\":\"2024-01-04T12:08:33+00:00\",\"dateModified\":\"2024-03-11T11:31:14+00:00\",\"breadcrumb\":{\"@id\":\"https:\/\/miroverd.com\/quienes-somos\/#breadcrumb\"},\"inLanguage\":\"ca\",\"potentialAction\":[{\"@type\":\"ReadAction\",\"target\":[\"https:\/\/miroverd.com\/quienes-somos\/\"]}]},{\"@type\":\"ImageObject\",\"inLanguage\":\"ca\",\"@id\":\"https:\/\/miroverd.com\/quienes-somos\/#primaryimage\",\"url\":\"https:\/\/miroverd.com\/wp-content\/uploads\/elementor\/thumbs\/a7a44b64-205a-4f29-8588-27910db87274-qijeko62caj0ksjj5en4eey7a28suihp4qdr6gfwo8.jpg\",\"contentUrl\":\"https:\/\/miroverd.com\/wp-content\/uploads\/elementor\/thumbs\/a7a44b64-205a-4f29-8588-27910db87274-qijeko62caj0ksjj5en4eey7a28suihp4qdr6gfwo8.jpg\"},{\"@type\":\"BreadcrumbList\",\"@id\":\"https:\/\/miroverd.com\/quienes-somos\/#breadcrumb\",\"itemListElement\":[{\"@type\":\"ListItem\",\"position\":1,\"name\":\"Portada\",\"item\":\"https:\/\/miroverd.com\/\"},{\"@type\":\"ListItem\",\"position\":2,\"name\":\"Qui\u00e9nes Somos\"}]},{\"@type\":\"WebSite\",\"@id\":\"https:\/\/miroverd.com\/#website\",\"url\":\"https:\/\/miroverd.com\/\",\"name\":\"MiroVerd\",\"description\":\"\",\"publisher\":{\"@id\":\"https:\/\/miroverd.com\/#organization\"},\"potentialAction\":[{\"@type\":\"SearchAction\",\"target\":{\"@type\":\"EntryPoint\",\"urlTemplate\":\"https:\/\/miroverd.com\/?s={search_term_string}\"},\"query-input\":{\"@type\":\"PropertyValueSpecification\",\"valueRequired\":true,\"valueName\":\"search_term_string\"}}],\"inLanguage\":\"ca\"},{\"@type\":\"Organization\",\"@id\":\"https:\/\/miroverd.com\/#organization\",\"name\":\"MiroVerd\",\"url\":\"https:\/\/miroverd.com\/\",\"logo\":{\"@type\":\"ImageObject\",\"inLanguage\":\"ca\",\"@id\":\"https:\/\/miroverd.com\/#\/schema\/logo\/image\/\",\"url\":\"https:\/\/miroverd.com\/wp-content\/uploads\/IMAGOTIPO_PNG-2.png\",\"contentUrl\":\"https:\/\/miroverd.com\/wp-content\/uploads\/IMAGOTIPO_PNG-2.png\",\"width\":352,\"height\":225,\"caption\":\"MiroVerd\"},\"image\":{\"@id\":\"https:\/\/miroverd.com\/#\/schema\/logo\/image\/\"}}]}<\/script>\n<!-- \/ Yoast SEO plugin. -->","yoast_head_json":{"title":"Qui\u00e9nes Somos - MiroVerd","robots":{"index":"index","follow":"follow","max-snippet":"max-snippet:-1","max-image-preview":"max-image-preview:large","max-video-preview":"max-video-preview:-1"},"canonical":"https:\/\/miroverd.com\/ca\/quienes-somos\/","og_locale":"ca_ES","og_type":"article","og_title":"Qui\u00e9nes Somos - MiroVerd","og_description":"Hacemos realidad tus proyectos de jard\u00edn qui\u00e9nes Somos Conf\u00eda en MiroVerd para tus proyectos de jard\u00edn Somos una empresa familiar apasionada por convertir sue\u00f1os en realidad. En MiroVerd, nos especializamos en la instalaci\u00f3n de c\u00e9sped artificial en exteriores, y estamos aqu\u00ed para transformar tu jard\u00edn en un oasis de belleza y comodidad. Nuestros Proyectos Explora [&hellip;]","og_url":"https:\/\/miroverd.com\/ca\/quienes-somos\/","og_site_name":"MiroVerd","article_modified_time":"2024-03-11T11:31:14+00:00","og_image":[{"url":"https:\/\/miroverd.com\/wp-content\/uploads\/elementor\/thumbs\/a7a44b64-205a-4f29-8588-27910db87274-qijeko62caj0ksjj5en4eey7a28suihp4qdr6gfwo8.jpg","type":"","width":"","height":""}],"twitter_card":"summary_large_image","twitter_misc":{"Temps estimat de lectura":"2 minuts"},"schema":{"@context":"https:\/\/schema.org","@graph":[{"@type":"WebPage","@id":"https:\/\/miroverd.com\/quienes-somos\/","url":"https:\/\/miroverd.com\/quienes-somos\/","name":"Qui\u00e9nes Somos - MiroVerd","isPartOf":{"@id":"https:\/\/miroverd.com\/#website"},"primaryImageOfPage":{"@id":"https:\/\/miroverd.com\/quienes-somos\/#primaryimage"},"image":{"@id":"https:\/\/miroverd.com\/quienes-somos\/#primaryimage"},"thumbnailUrl":"https:\/\/miroverd.com\/wp-content\/uploads\/elementor\/thumbs\/a7a44b64-205a-4f29-8588-27910db87274-qijeko62caj0ksjj5en4eey7a28suihp4qdr6gfwo8.jpg","datePublished":"2024-01-04T12:08:33+00:00","dateModified":"2024-03-11T11:31:14+00:00","breadcrumb":{"@id":"https:\/\/miroverd.com\/quienes-somos\/#breadcrumb"},"inLanguage":"ca","potentialAction":[{"@type":"ReadAction","target":["https:\/\/miroverd.com\/quienes-somos\/"]}]},{"@type":"ImageObject","inLanguage":"ca","@id":"https:\/\/miroverd.com\/quienes-somos\/#primaryimage","url":"https:\/\/miroverd.com\/wp-content\/uploads\/elementor\/thumbs\/a7a44b64-205a-4f29-8588-27910db87274-qijeko62caj0ksjj5en4eey7a28suihp4qdr6gfwo8.jpg","contentUrl":"https:\/\/miroverd.com\/wp-content\/uploads\/elementor\/thumbs\/a7a44b64-205a-4f29-8588-27910db87274-qijeko62caj0ksjj5en4eey7a28suihp4qdr6gfwo8.jpg"},{"@type":"BreadcrumbList","@id":"https:\/\/miroverd.com\/quienes-somos\/#breadcrumb","itemListElement":[{"@type":"ListItem","position":1,"name":"Portada","item":"https:\/\/miroverd.com\/"},{"@type":"ListItem","position":2,"name":"Qui\u00e9nes Somos"}]},{"@type":"WebSite","@id":"https:\/\/miroverd.com\/#website","url":"https:\/\/miroverd.com\/","name":"MiroVerd","description":"","publisher":{"@id":"https:\/\/miroverd.com\/#organization"},"potentialAction":[{"@type":"SearchAction","target":{"@type":"EntryPoint","urlTemplate":"https:\/\/miroverd.com\/?s={search_term_string}"},"query-input":{"@type":"PropertyValueSpecification","valueRequired":true,"valueName":"search_term_string"}}],"inLanguage":"ca"},{"@type":"Organization","@id":"https:\/\/miroverd.com\/#organization","name":"MiroVerd","url":"https:\/\/miroverd.com\/","logo":{"@type":"ImageObject","inLanguage":"ca","@id":"https:\/\/miroverd.com\/#\/schema\/logo\/image\/","url":"https:\/\/miroverd.com\/wp-content\/uploads\/IMAGOTIPO_PNG-2.png","contentUrl":"https:\/\/miroverd.com\/wp-content\/uploads\/IMAGOTIPO_PNG-2.png","width":352,"height":225,"caption":"MiroVerd"},"image":{"@id":"https:\/\/miroverd.com\/#\/schema\/logo\/image\/"}}]}},"_links":{"self":[{"href":"https:\/\/miroverd.com\/ca\/wp-json\/wp\/v2\/pages\/14","targetHints":{"allow":["GET"]}}],"collection":[{"href":"https:\/\/miroverd.com\/ca\/wp-json\/wp\/v2\/pages"}],"about":[{"href":"https:\/\/miroverd.com\/ca\/wp-json\/wp\/v2\/types\/page"}],"author":[{"embeddable":true,"href":"https:\/\/miroverd.com\/ca\/wp-json\/wp\/v2\/users\/1"}],"replies":[{"embeddable":true,"href":"https:\/\/miroverd.com\/ca\/wp-json\/wp\/v2\/comments?post=14"}],"version-history":[{"count":31,"href":"https:\/\/miroverd.com\/ca\/wp-json\/wp\/v2\/pages\/14\/revisions"}],"predecessor-version":[{"id":1247,"href":"https:\/\/miroverd.com\/ca\/wp-json\/wp\/v2\/pages\/14\/revisions\/1247"}],"wp:attachment":[{"href":"https:\/\/miroverd.com\/ca\/wp-json\/wp\/v2\/media?parent=14"}],"curies":[{"name":"wp","href":"https:\/\/api.w.org\/{rel}","templated":true}]}}